{"id":3,"date":"2019-09-10T01:11:38","date_gmt":"2019-09-09T17:11:38","guid":{"rendered":"https:\/\/demo1.mooga.com.tw\/?page_id=3"},"modified":"2019-12-23T21:08:26","modified_gmt":"2019-12-23T13:08:26","slug":"privacy-policy","status":"publish","type":"page","link":"https:\/\/moospace.tw\/de\/privacy-policy\/","title":{"rendered":"Datenschutzrichtlinie"},"content":{"rendered":"<div data-elementor-type=\"wp-page\" data-elementor-id=\"3\" class=\"elementor elementor-3\" data-elementor-post-type=\"page\">\n\t\t\t\t\t\t<section class=\"elementor-section elementor-top-section elementor-element elementor-element-b6ec20a elementor-section-boxed elementor-section-height-default elementor-section-height-default\" data-id=\"b6ec20a\" data-element_type=\"section\">\n\t\t\t\t\t\t<div class=\"elementor-container elementor-column-gap-default\">\n\t\t\t\t\t<div class=\"elementor-column elementor-col-100 elementor-top-column elementor-element elementor-element-4f097b3\" data-id=\"4f097b3\" data-element_type=\"column\">\n\t\t\t<div class=\"elementor-widget-wrap elementor-element-populated\">\n\t\t\t\t\t\t<div class=\"elementor-element elementor-element-f060146 elementor-widget elementor-widget-heading\" data-id=\"f060146\" data-element_type=\"widget\" data-widget_type=\"heading.default\">\n\t\t\t\t<div class=\"elementor-widget-container\">\n\t\t\t\t\t<h2 class=\"elementor-heading-title elementor-size-default\">Datenschutzrichtlinie<\/h2>\t\t\t\t<\/div>\n\t\t\t\t<\/div>\n\t\t\t\t<div class=\"elementor-element elementor-element-b4b9e48 elementor-widget elementor-widget-text-editor\" data-id=\"b4b9e48\" data-element_type=\"widget\" data-widget_type=\"text-editor.default\">\n\t\t\t\t<div class=\"elementor-widget-container\">\n\t\t\t\t\t\t\t\t\t<p style=\"text-align: left;\"><span style=\"font-weight: 400;\">Moogird.tw wird vom Moogird-Team (nachfolgend \u201edas Unternehmen\u201c genannt) betrieben. Das Unternehmen legt gro\u00dfen Wert auf den Schutz Ihrer Datenschutzrechte und erhebt, verarbeitet und nutzt Ihre personenbezogenen Daten gem\u00e4\u00df dem Datenschutzgesetz und dieser Datenschutzrichtlinie und erm\u00f6glicht Ihnen die Aus\u00fcbung und den Schutz Ihrer Datenschutzrechte. Sollten Sie dieser Datenschutzrichtlinie ganz oder teilweise nicht zustimmen, nutzen Sie die Dienste dieser Website bitte nicht mehr.<\/span><\/p><p style=\"text-align: left;\"><span style=\"font-weight: 400;\">1. Geltungsbereich dieser Datenschutzerkl\u00e4rung<\/span><\/p><p style=\"text-align: left;\"><span style=\"font-weight: 400;\">Bevor Sie die Dienste dieser Website nutzen, best\u00e4tigen Sie bitte, dass Sie alle in dieser Datenschutzrichtlinie aufgef\u00fchrten Bedingungen gelesen und akzeptiert haben. Wenn Sie mit diesen Bedingungen ganz oder teilweise nicht einverstanden sind, nutzen Sie die Dienste dieser Website bitte nicht.<\/span><\/p><p style=\"text-align: left;\"><span style=\"font-weight: 400;\">Diese Datenschutzrichtlinie gilt ausschlie\u00dflich f\u00fcr die Erhebung, Verarbeitung und Nutzung Ihrer personenbezogenen Daten durch diese Website und nicht f\u00fcr andere Unternehmen oder Personen, die nicht unserem Unternehmen geh\u00f6ren oder von uns kontrolliert werden. \u00dcber diese Website k\u00f6nnen Sie auf eine Website Dritter verlinken. Die von den jeweiligen Websites erhobenen personenbezogenen Daten werden gem\u00e4\u00df deren Datenschutzrichtlinie behandelt und haben nichts mit unserem Unternehmen zu tun.<\/span><\/p><p style=\"text-align: left;\"><span style=\"font-weight: 400;\">2. Angelegenheiten, die gem\u00e4\u00df dem Gesetz zum Schutz personenbezogener Daten gemeldet werden m\u00fcssen<\/span><\/p><p style=\"text-align: left;\"><span style=\"font-weight: 400;\">(1) Name des Inkassounternehmens: Muge Co., Ltd.<\/span><\/p><p style=\"text-align: left;\"><span style=\"font-weight: 400;\">(2) Zweck der Erhebung: Erbringung unternehmensbezogener Dienstleistungen, Marketing, Kundenmanagement, Mitgliederverwaltung sowie sonstiger Marketing- und Werbeaktivit\u00e4ten in Zusammenarbeit mit Dritten<\/span><\/p><p style=\"text-align: left;\"><span style=\"font-weight: 400;\">(3) Kategorien personenbezogener Daten: Identifikationsdaten (Name, Adresse, Telefonnummer, E-Mail-Adresse), Merkmale (Alter, Geschlecht, Geburtsdatum usw.), sozialer Status (Interessen, Freizeit, Lebensstil, Konsummuster usw.) und sonstige Daten (E-Mails, Website-Nachrichten und vom System automatisch aufgezeichnete Track-Informationen usw.).<\/span><\/p><p style=\"text-align: left;\"><span style=\"font-weight: 400;\">(4) Dauer der Nutzung personenbezogener Daten: W\u00e4hrend der Dauer der Mitgliedschaft auf dieser Website und sechs Monate nach Beendigung der Mitgliedschaft; wenn Sie kein Mitglied sind, sechs Monate nach Wegfall des Zwecks der Erhebung personenbezogener Daten.<\/span><\/p><p style=\"text-align: left;\"><span style=\"font-weight: 400;\">(5) Region, in der personenbezogene Daten verwendet werden: Der Standort, an dem unser Unternehmen gesch\u00e4ftlich t\u00e4tig ist und seine Server hostet, befindet sich derzeit in Taiwan.<\/span><\/p><p style=\"text-align: left;\"><span style=\"font-weight: 400;\">(6) Ziel der Datenverarbeitung ist das Unternehmen und seine externen Dienstleister (z. B. Dienstleister f\u00fcr Logistik, Finanzmittel oder die Bereitstellung von Eventgeschenken und -ausstellungen). Werden personenbezogene Daten gemeinsam vom Unternehmen und anderen Dienstleistern erhoben, wird dies im Rahmen der gemeinsamen Erhebung deutlich angegeben.<\/span><\/p><p style=\"text-align: left;\"><span style=\"font-weight: 400;\">(7) Wie personenbezogene Daten verwendet werden: Wir verwenden sie gem\u00e4\u00df dem Zweck der Erhebung und dieser Datenschutzrichtlinie.<\/span><\/p><p style=\"text-align: left;\"><span style=\"font-weight: 400;\">(8) Aus\u00fcbung der Nutzerrechte: Gem\u00e4\u00df Artikel 3 des Datenschutzgesetzes haben Sie das Recht, Auskunft \u00fcber Ihre personenbezogenen Daten zu verlangen, Kopien anzufordern, sie zu erg\u00e4nzen oder zu korrigieren, die Erhebung, Verarbeitung oder Nutzung einzustellen und die L\u00f6schung Ihrer personenbezogenen Daten zu verlangen. Sie k\u00f6nnen diese Rechte aus\u00fcben, indem Sie eine E-Mail an service@moogrid.tw senden. Das Unternehmen wird Ihre Anfrage schnellstm\u00f6glich nach Erhalt bearbeiten.<\/span><\/p><p style=\"text-align: left;\"><span style=\"font-weight: 400;\">(9) Optionale personenbezogene Daten: Wenn das Unternehmen personenbezogene Daten sammelt und auf der entsprechenden Webseite oder im entsprechenden Dokument angegeben ist, dass die Informationen optional sind, dient dies nur dem Zweck, Ihnen ein besseres Erlebnis bei der Nutzung der Website zu bieten und beeintr\u00e4chtigt nicht Ihre Rechte und Interessen bei der Nutzung der Website.<\/span><\/p><p style=\"text-align: left;\"><span style=\"font-weight: 400;\">3. Erhebung, Verarbeitung und Nutzung personenbezogener Daten<\/span><\/p><p style=\"text-align: left;\"><span style=\"font-weight: 400;\">Das Unternehmen kann nach Ihrer Zustimmung Teile der Informationen dieser Website auf Ihrer Seite mit Informationen zu sozialen Aktivit\u00e4ten \u00fcber Facebook oder \u00e4hnliche soziale Dienste ver\u00f6ffentlichen. Sollten Sie mit der Ver\u00f6ffentlichung dieser Informationen nicht einverstanden sein, klicken Sie bitte nicht auf die Schaltfl\u00e4che \u201eZustimmen\u201c, entfernen Sie diese Informationen nicht und verweigern Sie die weitere Ver\u00f6ffentlichung relevanter Informationen auf dieser Website \u00fcber den Mitgliedschaftsmechanismus des jeweiligen sozialen Dienstes. Bei Fragen k\u00f6nnen Sie sich weiterhin an das Unternehmen wenden. Das Unternehmen unterst\u00fctzt Sie gerne bei der Kl\u00e4rung und Bearbeitung Ihrer Fragen.<\/span><\/p><p style=\"text-align: left;\"><span style=\"font-weight: 400;\">Das Unternehmen wird Ihre personenbezogenen Daten nicht willk\u00fcrlich an Dritte weitergeben, au\u00dfer um sie gem\u00e4\u00df den gesetzlichen Bestimmungen an Justiz-, Ermittlungs- oder andere zust\u00e4ndige Beh\u00f6rden weiterzugeben oder damit sie von unseren Partnern bei der Durchf\u00fchrung damit verbundener Aktivit\u00e4ten verwendet werden k\u00f6nnen.<\/span><\/p><p style=\"text-align: left;\"><span style=\"font-weight: 400;\">Wenn das Unternehmen oder diese Website von einem Dritten erworben wird oder seine Verm\u00f6genswerte gekauft werden und dies zu einer \u00c4nderung der Verwaltungsrechte f\u00fchrt, gibt das Unternehmen die entsprechenden Einzelheiten im Voraus auf dieser Website bekannt. Im Falle einer \u00c4nderung der Verwaltungsrechte k\u00f6nnen auch alle oder ein Teil der Benutzerinformationen, die Eigentum des Unternehmens sind, an den Dritten \u00fcbertragen werden.<\/span><\/p><p style=\"text-align: left;\"><span style=\"font-weight: 400;\">4. Cookie-Technologie<\/span><\/p><p style=\"text-align: left;\"><span style=\"font-weight: 400;\">Um eine zuk\u00fcnftige Identifizierung zu erleichtern, kann das Unternehmen Cookies auf Ihrem Computer setzen und speichern, wenn Sie die Dienste dieser Website nutzen.<\/span><\/p><p style=\"text-align: left;\"><span style=\"font-weight: 400;\">Sie k\u00f6nnen die Verwendung von Cookies durch die Einstellungen Ihres Computers oder Internetger\u00e4ts selbst bestimmen. Das Deaktivieren von Cookies kann zu Unannehmlichkeiten oder teilweisen Funktionseinschr\u00e4nkungen bei der Nutzung der Dienste dieser Website f\u00fchren.<\/span><\/p><p style=\"text-align: left;\"><span style=\"font-weight: 400;\">5. Vertraulichkeit und Sicherheit<\/span><\/p><p style=\"text-align: left;\"><span style=\"font-weight: 400;\">Unsere Mitarbeiter haben m\u00f6glicherweise nur im Rahmen der Notwendigkeit, Ihnen Produkte oder Dienstleistungen bereitzustellen, eingeschr\u00e4nkten Zugriff auf Ihre personenbezogenen Daten.<\/span><\/p><p style=\"text-align: left;\"><span style=\"font-weight: 400;\">Um die Sicherheit Ihres Kontos und Ihrer pers\u00f6nlichen Daten zu sch\u00fctzen, geben Sie Ihr pers\u00f6nliches Konto und Passwort bitte nicht an Dritte weiter und erlauben Sie Dritten nicht, mit Ihren pers\u00f6nlichen Daten ein Konto und Passwort zu beantragen. Andernfalls tragen Sie die alleinige Verantwortung f\u00fcr die entsprechenden Aufgaben. Bei Verdacht auf Offenlegung Ihres Kontos und Passworts \u00e4ndern Sie bitte umgehend Ihr Passwort oder benachrichtigen Sie das Unternehmen, um das Konto zu sperren (das Unternehmen kann von Ihnen verlangen, Ihre pers\u00f6nlichen Daten zu \u00fcberpr\u00fcfen).<\/span><\/p><p style=\"text-align: left;\"><span style=\"font-weight: 400;\">Das Internet ist keine sichere Umgebung f\u00fcr die Informations\u00fcbertragung. Bitte vermeiden Sie es, bei der Nutzung dieser Website vertrauliche personenbezogene Daten an Dritte weiterzugeben oder diese auf der Website \u00f6ffentlich zug\u00e4nglich zu machen.<\/span><\/p><p style=\"text-align: left;\"><span style=\"font-weight: 400;\">6. Jugendschutz<\/span><\/p><p style=\"text-align: left;\"><span style=\"font-weight: 400;\">Diese Website richtet sich nicht speziell an Minderj\u00e4hrige\/Kinder. Wenn Minderj\u00e4hrige diese Website nutzen und damit einverstanden sind, dass ihre personenbezogenen Daten erhoben und verwendet werden, m\u00fcssen sie dies mit Zustimmung ihres gesetzlichen Vertreters oder Erziehungsberechtigten tun. Der gesetzliche Vertreter oder Erziehungsberechtigte kann das Unternehmen jederzeit auffordern, die Erhebung, Verarbeitung und Nutzung bestimmter Konten und damit verbundener personenbezogener Daten einzustellen.<\/span><\/p><p style=\"text-align: left;\"><span style=\"font-weight: 400;\">7. \u00c4nderungen der Datenschutzrichtlinie<\/span><\/p><p style=\"text-align: left;\"><span style=\"font-weight: 400;\">Bei \u00c4nderungen der Datenschutzrichtlinie werden Sie von dieser Website per E-Mail oder SMS \u00fcber die entsprechenden wesentlichen \u00c4nderungen informiert und auf dieser Website bekannt gegeben. Sollten Sie mit diesen \u00c4nderungen nicht einverstanden sein, stellen Sie bitte die Nutzung der Dienste dieser Website ein und benachrichtigen Sie das Unternehmen, damit die Erhebung, Verarbeitung und Nutzung Ihrer personenbezogenen Daten gem\u00e4\u00df dieser Datenschutzrichtlinie eingestellt wird.<\/span><\/p>\t\t\t\t\t\t\t\t<\/div>\n\t\t\t\t<\/div>\n\t\t\t\t\t<\/div>\n\t\t<\/div>\n\t\t\t\t\t<\/div>\n\t\t<\/section>\n\t\t\t\t<\/div>","protected":false},"excerpt":{"rendered":"<p>Moogird (moogird.tw) wird vom Moogird-Team (nachfolgend \u201edas Unternehmen\u201c genannt) betrieben. Das Unternehmen legt gro\u00dfen Wert auf den Schutz Ihrer Privatsph\u00e4re und wird [\u2026]<\/p>","protected":false},"author":1,"featured_media":0,"parent":0,"menu_order":0,"comment_status":"closed","ping_status":"open","template":"elementor_header_footer","meta":{"_seopress_robots_primary_cat":"","_seopress_titles_title":"","_seopress_titles_desc":"","_seopress_robots_index":"","footnotes":""},"class_list":["post-3","page","type-page","status-publish","hentry"],"_links":{"self":[{"href":"https:\/\/moospace.tw\/de\/wp-json\/wp\/v2\/pages\/3","targetHints":{"allow":["GET"]}}],"collection":[{"href":"https:\/\/moospace.tw\/de\/wp-json\/wp\/v2\/pages"}],"about":[{"href":"https:\/\/moospace.tw\/de\/wp-json\/wp\/v2\/types\/page"}],"author":[{"embeddable":true,"href":"https:\/\/moospace.tw\/de\/wp-json\/wp\/v2\/users\/1"}],"replies":[{"embeddable":true,"href":"https:\/\/moospace.tw\/de\/wp-json\/wp\/v2\/comments?post=3"}],"version-history":[{"count":0,"href":"https:\/\/moospace.tw\/de\/wp-json\/wp\/v2\/pages\/3\/revisions"}],"wp:attachment":[{"href":"https:\/\/moospace.tw\/de\/wp-json\/wp\/v2\/media?parent=3"}],"curies":[{"name":"wp","href":"https:\/\/api.w.org\/{rel}","templated":true}]}}