{"id":8190,"date":"2023-10-05T01:57:13","date_gmt":"2023-10-04T17:57:13","guid":{"rendered":"https:\/\/moospace.tw\/?page_id=8190"},"modified":"2025-09-01T20:52:04","modified_gmt":"2025-09-01T12:52:04","slug":"podcast","status":"publish","type":"page","link":"https:\/\/moospace.tw\/de\/podcast\/","title":{"rendered":"Vientiane Voice Podcast-Player"},"content":{"rendered":"<div data-elementor-type=\"wp-page\" data-elementor-id=\"8190\" class=\"elementor elementor-8190\" data-elementor-post-type=\"page\">\n\t\t\t\t\t\t<section class=\"elementor-section elementor-top-section elementor-element elementor-element-28525e0d elementor-section-height-min-height elementor-section-boxed elementor-section-height-default elementor-section-items-middle\" data-id=\"28525e0d\" data-element_type=\"section\" data-e-type=\"section\" data-settings=\"{&quot;background_background&quot;:&quot;classic&quot;,&quot;shape_divider_bottom&quot;:&quot;waves&quot;}\">\n\t\t\t\t\t\t\t<div class=\"elementor-background-overlay\"><\/div>\n\t\t\t\t\t\t<div class=\"elementor-shape elementor-shape-bottom\" aria-hidden=\"true\" data-negative=\"false\">\n\t\t\t<svg xmlns=\"http:\/\/www.w3.org\/2000\/svg\" viewbox=\"0 0 1000 100\" preserveaspectratio=\"none\">\n\t<path class=\"elementor-shape-fill\" d=\"M421.9,6.5c22.6-2.5,51.5,0.4,75.5,5.3c23.6,4.9,70.9,23.5,100.5,35.7c75.8,32.2,133.7,44.5,192.6,49.7\tc23.6,2.1,48.7,3.5,103.4-2.5c54.7-6,106.2-25.6,106.2-25.6V0H0v30.3c0,0,72,32.6,158.4,30.5c39.2-0.7,92.8-6.7,134-22.4\tc21.2-8.1,52.2-18.2,79.7-24.2C399.3,7.9,411.6,7.5,421.9,6.5z\"\/>\n<\/svg>\t\t<\/div>\n\t\t\t\t\t<div class=\"elementor-container elementor-column-gap-default\">\n\t\t\t\t\t<div class=\"elementor-column elementor-col-100 elementor-top-column elementor-element elementor-element-9b3dc63\" data-id=\"9b3dc63\" data-element_type=\"column\" data-e-type=\"column\">\n\t\t\t<div class=\"elementor-widget-wrap elementor-element-populated\">\n\t\t\t\t\t\t<section class=\"elementor-section elementor-inner-section elementor-element elementor-element-d5063bf elementor-section-boxed elementor-section-height-default elementor-section-height-default\" data-id=\"d5063bf\" data-element_type=\"section\" data-e-type=\"section\">\n\t\t\t\t\t\t<div class=\"elementor-container elementor-column-gap-default\">\n\t\t\t\t\t<div class=\"elementor-column elementor-col-50 elementor-inner-column elementor-element elementor-element-a83bb5c\" data-id=\"a83bb5c\" data-element_type=\"column\" data-e-type=\"column\">\n\t\t\t<div class=\"elementor-widget-wrap elementor-element-populated\">\n\t\t\t\t\t\t<div class=\"elementor-element elementor-element-f6f37fb elementor-widget elementor-widget-image\" data-id=\"f6f37fb\" data-element_type=\"widget\" data-e-type=\"widget\" data-widget_type=\"image.default\">\n\t\t\t\t<div class=\"elementor-widget-container\">\n\t\t\t\t\t\t\t\t\t\t\t\t\t\t\t<img fetchpriority=\"high\" decoding=\"async\" width=\"800\" height=\"800\" src=\"https:\/\/moospace.tw\/wp-content\/uploads\/2023\/10\/1691330416245-04718ff8-a7f9-4ccb-97aa-770aff1c764b-1024x1024.jpeg\" class=\"attachment-large size-large wp-image-8195\" alt=\"\" srcset=\"https:\/\/moospace.tw\/wp-content\/uploads\/2023\/10\/1691330416245-04718ff8-a7f9-4ccb-97aa-770aff1c764b-1024x1024.jpeg 1024w, https:\/\/moospace.tw\/wp-content\/uploads\/2023\/10\/1691330416245-04718ff8-a7f9-4ccb-97aa-770aff1c764b-300x300.jpeg 300w, https:\/\/moospace.tw\/wp-content\/uploads\/2023\/10\/1691330416245-04718ff8-a7f9-4ccb-97aa-770aff1c764b-150x150.jpeg 150w, https:\/\/moospace.tw\/wp-content\/uploads\/2023\/10\/1691330416245-04718ff8-a7f9-4ccb-97aa-770aff1c764b-768x768.jpeg 768w, https:\/\/moospace.tw\/wp-content\/uploads\/2023\/10\/1691330416245-04718ff8-a7f9-4ccb-97aa-770aff1c764b.jpeg 1400w\" sizes=\"(max-width: 800px) 100vw, 800px\" \/>\t\t\t\t\t\t\t\t\t\t\t\t\t\t\t<\/div>\n\t\t\t\t<\/div>\n\t\t\t\t\t<\/div>\n\t\t<\/div>\n\t\t\t\t<div class=\"elementor-column elementor-col-50 elementor-inner-column elementor-element elementor-element-425af14\" data-id=\"425af14\" data-element_type=\"column\" data-e-type=\"column\">\n\t\t\t<div class=\"elementor-widget-wrap elementor-element-populated\">\n\t\t\t\t\t\t<div class=\"elementor-element elementor-element-82be4a2 elementor-hidden-mobile elementor-hidden-tablet elementor-widget elementor-widget-heading\" data-id=\"82be4a2\" data-element_type=\"widget\" data-e-type=\"widget\" data-widget_type=\"heading.default\">\n\t\t\t\t<div class=\"elementor-widget-container\">\n\t\t\t\t\t<h2 class=\"elementor-heading-title elementor-size-default\">Voice of Everything-Podcast<\/h2>\t\t\t\t<\/div>\n\t\t\t\t<\/div>\n\t\t\t\t<div class=\"elementor-element elementor-element-fb9aa91 elementor-widget elementor-widget-text-editor\" data-id=\"fb9aa91\" data-element_type=\"widget\" data-e-type=\"widget\" data-widget_type=\"text-editor.default\">\n\t\t\t\t<div class=\"elementor-widget-container\">\n\t\t\t\t\t\t\t\t\t<p>Wir besch\u00e4ftigen uns seit mehr als zehn Jahren mit Religion und Spiritualit\u00e4t. Was haben wir aus dieser Erforschung des Lebens gelernt? Wir m\u00f6chten diese Erfahrungen und Erkenntnisse mit Menschen teilen, die sich ebenfalls auf der Erde gefangen f\u00fchlen, und laden alle ein, ihren wissenschaftlichen und logischen Verstand loszulassen und mit offenem Herzen hierher zu kommen, um sich zu treffen.<\/p>\t\t\t\t\t\t\t\t<\/div>\n\t\t\t\t<\/div>\n\t\t\t\t\t<\/div>\n\t\t<\/div>\n\t\t\t\t\t<\/div>\n\t\t<\/section>\n\t\t\t\t<section class=\"elementor-section elementor-inner-section elementor-element elementor-element-190b5be elementor-section-boxed elementor-section-height-default elementor-section-height-default\" data-id=\"190b5be\" data-element_type=\"section\" data-e-type=\"section\">\n\t\t\t\t\t\t<div class=\"elementor-container elementor-column-gap-default\">\n\t\t\t\t\t<div class=\"elementor-column elementor-col-100 elementor-inner-column elementor-element elementor-element-bde3797\" data-id=\"bde3797\" data-element_type=\"column\" data-e-type=\"column\">\n\t\t\t<div class=\"elementor-widget-wrap elementor-element-populated\">\n\t\t\t\t\t\t<div class=\"elementor-element elementor-element-27012fd uael-img-grid__column-4 uael-img-grid-tablet__column-3 uael-img-grid-mobile__column-2 uael-ins-normal elementor-widget elementor-widget-uael-image-gallery\" data-id=\"27012fd\" data-element_type=\"widget\" data-e-type=\"widget\" data-settings=\"{&quot;gallery_columns&quot;:&quot;4&quot;,&quot;gallery_columns_tablet&quot;:&quot;3&quot;,&quot;gallery_columns_mobile&quot;:&quot;2&quot;,&quot;column_gap&quot;:{&quot;unit&quot;:&quot;px&quot;,&quot;size&quot;:20,&quot;sizes&quot;:[]},&quot;column_gap_tablet&quot;:{&quot;unit&quot;:&quot;px&quot;,&quot;size&quot;:&quot;&quot;,&quot;sizes&quot;:[]},&quot;column_gap_mobile&quot;:{&quot;unit&quot;:&quot;px&quot;,&quot;size&quot;:&quot;&quot;,&quot;sizes&quot;:[]},&quot;row_gap&quot;:{&quot;unit&quot;:&quot;px&quot;,&quot;size&quot;:20,&quot;sizes&quot;:[]},&quot;row_gap_tablet&quot;:{&quot;unit&quot;:&quot;px&quot;,&quot;size&quot;:&quot;&quot;,&quot;sizes&quot;:[]},&quot;row_gap_mobile&quot;:{&quot;unit&quot;:&quot;px&quot;,&quot;size&quot;:&quot;&quot;,&quot;sizes&quot;:[]},&quot;images_valign&quot;:&quot;flex-start&quot;}\" data-widget_type=\"uael-image-gallery.default\">\n\t\t\t\t<div class=\"elementor-widget-container\">\n\t\t\t\t\t<div class=\"uael-gallery-parent uael-caption- uael-gallery-unjustified\"><div class=\"uael-img-gallery-wrap uael-img-grid-wrap uael-img-grid-masonry-wrap\" data-filter-default=\"All\"><div class=\"uael-grid-item  uael-img-gallery-item-1\"><div class=\"uael-grid-item-content\"><a class=\"uael-grid-img uael-grid-gallery-img uael-ins-hover elementor-clickable\" target=\"_blank\" rel=\"dofollow\" href=\"https:\/\/podcasts.apple.com\/podcast\/1703818890\" data-elementor-open-lightbox=\"no\"><div class=\"uael-grid-img-thumbnail uael-ins-target\"><img decoding=\"async\" width=\"768\" height=\"203\" src=\"https:\/\/moospace.tw\/wp-content\/uploads\/2023\/10\/listen-on-apple-podcast-768x203-1.png\" class=\"attachment-full size-full wp-image-8261\" alt=\"\" srcset=\"https:\/\/moospace.tw\/wp-content\/uploads\/2023\/10\/listen-on-apple-podcast-768x203-1.png 768w, https:\/\/moospace.tw\/wp-content\/uploads\/2023\/10\/listen-on-apple-podcast-768x203-1-300x79.png 300w\" sizes=\"(max-width: 768px) 100vw, 768px\" \/><\/div><div class=\"uael-grid-img-overlay\"><\/div><\/a><\/div><\/div><div class=\"uael-grid-item  uael-img-gallery-item-2\"><div class=\"uael-grid-item-content\"><a class=\"uael-grid-img uael-grid-gallery-img uael-ins-hover elementor-clickable\" target=\"_blank\" rel=\"dofollow\" href=\"https:\/\/open.spotify.com\/show\/5H6fsOr8b068jmwAUzqxId\" data-elementor-open-lightbox=\"no\"><div class=\"uael-grid-img-thumbnail uael-ins-target\"><img decoding=\"async\" width=\"1015\" height=\"260\" src=\"https:\/\/moospace.tw\/wp-content\/uploads\/2023\/10\/listen-on-spotify-logo-11609367646xxolakoqj1.png\" class=\"attachment-full size-full wp-image-8262\" alt=\"\" srcset=\"https:\/\/moospace.tw\/wp-content\/uploads\/2023\/10\/listen-on-spotify-logo-11609367646xxolakoqj1.png 1015w, https:\/\/moospace.tw\/wp-content\/uploads\/2023\/10\/listen-on-spotify-logo-11609367646xxolakoqj1-300x77.png 300w, https:\/\/moospace.tw\/wp-content\/uploads\/2023\/10\/listen-on-spotify-logo-11609367646xxolakoqj1-768x197.png 768w\" sizes=\"(max-width: 1015px) 100vw, 1015px\" \/><\/div><div class=\"uael-grid-img-overlay\"><\/div><\/a><\/div><\/div><div class=\"uael-grid-item  uael-img-gallery-item-3\"><div class=\"uael-grid-item-content\"><a class=\"uael-grid-img uael-grid-gallery-img uael-ins-hover elementor-clickable\" target=\"_blank\" rel=\"dofollow\" href=\"https:\/\/podcast.kkbox.com\/tw\/channel\/GtVPnssdIeMKpWuKCh\" data-elementor-open-lightbox=\"no\"><div class=\"uael-grid-img-thumbnail uael-ins-target\"><img loading=\"lazy\" decoding=\"async\" width=\"700\" height=\"179\" src=\"https:\/\/moospace.tw\/wp-content\/uploads\/2023\/10\/listen-on-kkbox-logo.png\" class=\"attachment-full size-full wp-image-8331\" alt=\"\" srcset=\"https:\/\/moospace.tw\/wp-content\/uploads\/2023\/10\/listen-on-kkbox-logo.png 700w, https:\/\/moospace.tw\/wp-content\/uploads\/2023\/10\/listen-on-kkbox-logo-300x77.png 300w\" sizes=\"(max-width: 700px) 100vw, 700px\" \/><\/div><div class=\"uael-grid-img-overlay\"><\/div><\/a><\/div><\/div><\/div><\/div>\t\t\t\t<\/div>\n\t\t\t\t<\/div>\n\t\t\t\t\t<\/div>\n\t\t<\/div>\n\t\t\t\t\t<\/div>\n\t\t<\/section>\n\t\t\t\t\t<\/div>\n\t\t<\/div>\n\t\t\t\t\t<\/div>\n\t\t<\/section>\n\t\t\t\t<section class=\"elementor-section elementor-top-section elementor-element elementor-element-0a81741 elementor-section-boxed elementor-section-height-default elementor-section-height-default\" data-id=\"0a81741\" data-element_type=\"section\" data-e-type=\"section\">\n\t\t\t\t\t\t<div class=\"elementor-container elementor-column-gap-default\">\n\t\t\t\t\t<div class=\"elementor-column elementor-col-100 elementor-top-column elementor-element elementor-element-b9afd97\" data-id=\"b9afd97\" data-element_type=\"column\" data-e-type=\"column\">\n\t\t\t<div class=\"elementor-widget-wrap elementor-element-populated\">\n\t\t\t\t\t\t\t<\/div>\n\t\t<\/div>\n\t\t\t\t\t<\/div>\n\t\t<\/section>\n\t\t\t\t<\/div>","protected":false},"excerpt":{"rendered":"<p>\u842c\u8c61\u4e4b\u8072 \u64ad\u5ba2 \u8e0f\u5165\u5b97\u6559\u8207\u9748\u6027\u5708\u5b78\u7fd2\u5341\u5e7e\u5e74\u7684\u6211\u5011\uff0c\u5728\u9019\u5834\u751f\u547d\u63a2\u7d22\u4e2d\uff0c\u7a76\u7adf\u7372\u5f97\u4ec0\u9ebc\u5462\uff1f\u6211\u5011\u60f3\u5c07\u9019\u4e9b\u9ad4\u9a57\u8207\u9818\u609f\u5206\u4eab [&hellip;]<\/p>\n","protected":false},"author":1,"featured_media":0,"parent":0,"menu_order":0,"comment_status":"closed","ping_status":"closed","template":"","meta":{"_seopress_robots_primary_cat":"","_seopress_titles_title":"","_seopress_titles_desc":"","_seopress_robots_index":"","footnotes":""},"class_list":["post-8190","page","type-page","status-publish","hentry"],"_links":{"self":[{"href":"https:\/\/moospace.tw\/de\/wp-json\/wp\/v2\/pages\/8190","targetHints":{"allow":["GET"]}}],"collection":[{"href":"https:\/\/moospace.tw\/de\/wp-json\/wp\/v2\/pages"}],"about":[{"href":"https:\/\/moospace.tw\/de\/wp-json\/wp\/v2\/types\/page"}],"author":[{"embeddable":true,"href":"https:\/\/moospace.tw\/de\/wp-json\/wp\/v2\/users\/1"}],"replies":[{"embeddable":true,"href":"https:\/\/moospace.tw\/de\/wp-json\/wp\/v2\/comments?post=8190"}],"version-history":[{"count":0,"href":"https:\/\/moospace.tw\/de\/wp-json\/wp\/v2\/pages\/8190\/revisions"}],"wp:attachment":[{"href":"https:\/\/moospace.tw\/de\/wp-json\/wp\/v2\/media?parent=8190"}],"curies":[{"name":"wp","href":"https:\/\/api.w.org\/{rel}","templated":true}]}}