{"id":3,"date":"2019-09-10T01:11:38","date_gmt":"2019-09-09T17:11:38","guid":{"rendered":"https:\/\/demo1.mooga.com.tw\/?page_id=3"},"modified":"2019-12-23T21:08:26","modified_gmt":"2019-12-23T13:08:26","slug":"privacy-policy","status":"publish","type":"page","link":"https:\/\/moospace.tw\/fr\/privacy-policy\/","title":{"rendered":"politique de confidentialit\u00e9"},"content":{"rendered":"<div data-elementor-type=\"wp-page\" data-elementor-id=\"3\" class=\"elementor elementor-3\" data-elementor-post-type=\"page\">\n\t\t\t\t\t\t<section class=\"elementor-section elementor-top-section elementor-element elementor-element-b6ec20a elementor-section-boxed elementor-section-height-default elementor-section-height-default\" data-id=\"b6ec20a\" data-element_type=\"section\">\n\t\t\t\t\t\t<div class=\"elementor-container elementor-column-gap-default\">\n\t\t\t\t\t<div class=\"elementor-column elementor-col-100 elementor-top-column elementor-element elementor-element-4f097b3\" data-id=\"4f097b3\" data-element_type=\"column\">\n\t\t\t<div class=\"elementor-widget-wrap elementor-element-populated\">\n\t\t\t\t\t\t<div class=\"elementor-element elementor-element-f060146 elementor-widget elementor-widget-heading\" data-id=\"f060146\" data-element_type=\"widget\" data-widget_type=\"heading.default\">\n\t\t\t\t<div class=\"elementor-widget-container\">\n\t\t\t\t\t<h2 class=\"elementor-heading-title elementor-size-default\">politique de confidentialit\u00e9<\/h2>\t\t\t\t<\/div>\n\t\t\t\t<\/div>\n\t\t\t\t<div class=\"elementor-element elementor-element-b4b9e48 elementor-widget elementor-widget-text-editor\" data-id=\"b4b9e48\" data-element_type=\"widget\" data-widget_type=\"text-editor.default\">\n\t\t\t\t<div class=\"elementor-widget-container\">\n\t\t\t\t\t\t\t\t\t<p style=\"text-align: left;\"><span style=\"font-weight: 400;\">Moogird.tw est exploit\u00e9 par l&#039;\u00e9quipe Moogird (ci-apr\u00e8s d\u00e9nomm\u00e9e \u00ab\u00a0la Soci\u00e9t\u00e9\u00a0\u00bb). La Soci\u00e9t\u00e9 attache une grande importance \u00e0 la protection de votre vie priv\u00e9e et collecte, traite et utilise vos informations personnelles conform\u00e9ment \u00e0 la loi sur la protection des donn\u00e9es personnelles et \u00e0 la pr\u00e9sente Politique de confidentialit\u00e9, et vous permet d&#039;exercer et de prot\u00e9ger vos droits en mati\u00e8re de donn\u00e9es personnelles. Si vous n&#039;acceptez pas tout ou partie de la pr\u00e9sente Politique de confidentialit\u00e9, veuillez cesser d&#039;utiliser les services de ce site web.<\/span><\/p><p style=\"text-align: left;\"><span style=\"font-weight: 400;\">1. Champ d&#039;application de la pr\u00e9sente politique de confidentialit\u00e9<\/span><\/p><p style=\"text-align: left;\"><span style=\"font-weight: 400;\">Avant d&#039;utiliser les services de ce site web, veuillez confirmer avoir lu et accept\u00e9 toutes les conditions de la pr\u00e9sente politique de confidentialit\u00e9. Si vous n&#039;acceptez pas tout ou partie de ces conditions, veuillez ne pas utiliser les services de ce site web.<\/span><\/p><p style=\"text-align: left;\"><span style=\"font-weight: 400;\">Cette politique de confidentialit\u00e9 s&#039;applique uniquement \u00e0 la collecte, au traitement et \u00e0 l&#039;utilisation de vos informations personnelles par ce site web, et ne s&#039;applique pas aux autres soci\u00e9t\u00e9s ou personnes qui ne sont ni d\u00e9tenues ni contr\u00f4l\u00e9es par notre soci\u00e9t\u00e9. Vous pouvez acc\u00e9der \u00e0 un site web exploit\u00e9 par un tiers via ce site web. Les informations personnelles collect\u00e9es par chaque site web sont trait\u00e9es conform\u00e9ment \u00e0 sa politique de confidentialit\u00e9 et n&#039;ont aucun lien avec notre soci\u00e9t\u00e9.<\/span><\/p><p style=\"text-align: left;\"><span style=\"font-weight: 400;\">2. Questions devant \u00eatre notifi\u00e9es en vertu de la loi sur la protection des donn\u00e9es personnelles<\/span><\/p><p style=\"text-align: left;\"><span style=\"font-weight: 400;\">(1) Nom de l&#039;agence de recouvrement : Muge Co., Ltd.<\/span><\/p><p style=\"text-align: left;\"><span style=\"font-weight: 400;\">(2) Finalit\u00e9 de la collecte : Fournir les services connexes de l&#039;entreprise, le marketing, la gestion de la client\u00e8le, la gestion des membres et d&#039;autres activit\u00e9s de marketing et de promotion en coop\u00e9ration avec des tiers<\/span><\/p><p style=\"text-align: left;\"><span style=\"font-weight: 400;\">(3) Cat\u00e9gories de donn\u00e9es personnelles : identification (nom, adresse, num\u00e9ro de contact, adresse e-mail), caract\u00e9ristiques (\u00e2ge, sexe, date de naissance, etc.), statut social (int\u00e9r\u00eats, loisirs, style de vie, habitudes de consommation, etc.), et autres (e-mails, messages du site Web et informations de suivi enregistr\u00e9es automatiquement par le syst\u00e8me, etc.).<\/span><\/p><p style=\"text-align: left;\"><span style=\"font-weight: 400;\">(4) P\u00e9riode d&#039;utilisation des donn\u00e9es personnelles : Pendant la p\u00e9riode effective d&#039;adh\u00e9sion \u00e0 ce site Web et six mois apr\u00e8s la r\u00e9siliation ; si vous n&#039;\u00eates pas membre, six mois apr\u00e8s que la finalit\u00e9 de la collecte des donn\u00e9es personnelles cesse d&#039;exister.<\/span><\/p><p style=\"text-align: left;\"><span style=\"font-weight: 400;\">(5) R\u00e9gion o\u00f9 les donn\u00e9es personnelles sont utilis\u00e9es : L&#039;emplacement o\u00f9 notre soci\u00e9t\u00e9 exerce ses activit\u00e9s et h\u00e9berge ses serveurs se trouve actuellement \u00e0 Ta\u00efwan.<\/span><\/p><p style=\"text-align: left;\"><span style=\"font-weight: 400;\">(6) Cibles de l&#039;utilisation des donn\u00e9es personnelles\u00a0: La Soci\u00e9t\u00e9 et ses fournisseurs externes (par exemple, les fournisseurs assurant la logistique, les flux financiers ou les cadeaux et expositions lors d&#039;\u00e9v\u00e9nements). Si des donn\u00e9es personnelles sont collect\u00e9es conjointement par la Soci\u00e9t\u00e9 et d&#039;autres fournisseurs, cela sera clairement indiqu\u00e9 dans les activit\u00e9s de collecte conjointe.<\/span><\/p><p style=\"text-align: left;\"><span style=\"font-weight: 400;\">(7) Comment les donn\u00e9es personnelles sont utilis\u00e9es : Nous les utiliserons conform\u00e9ment \u00e0 l\u2019objectif de la collecte et \u00e0 la pr\u00e9sente politique de confidentialit\u00e9.<\/span><\/p><p style=\"text-align: left;\"><span style=\"font-weight: 400;\">(8) Modalit\u00e9s d&#039;exercice des droits relatifs aux donn\u00e9es personnelles\u00a0: Conform\u00e9ment \u00e0 l&#039;article\u00a03 de la loi sur la protection des donn\u00e9es personnelles, vous disposez du droit de demander la consultation, la copie, la rectification, l&#039;arr\u00eat de la collecte, du traitement ou de l&#039;utilisation de vos donn\u00e9es personnelles, ainsi que leur suppression. Vous pouvez exercer ces droits en envoyant un e-mail \u00e0 l&#039;adresse service@moogrid.tw. La Soci\u00e9t\u00e9 traitera votre demande dans les meilleurs d\u00e9lais.<\/span><\/p><p style=\"text-align: left;\"><span style=\"font-weight: 400;\">(9) Informations personnelles facultatives : Si la Soci\u00e9t\u00e9 collecte des informations personnelles et que la page Web ou le document concern\u00e9 indique que les informations sont facultatives, cela a uniquement pour but de vous offrir une meilleure exp\u00e9rience lors de l&#039;utilisation du site Web et n&#039;affecte pas vos droits et int\u00e9r\u00eats dans l&#039;utilisation du site Web.<\/span><\/p><p style=\"text-align: left;\"><span style=\"font-weight: 400;\">3. Collecte, traitement et utilisation des informations personnelles<\/span><\/p><p style=\"text-align: left;\"><span style=\"font-weight: 400;\">La Soci\u00e9t\u00e9 peut publier une partie des informations de ce site web sur votre page d&#039;activit\u00e9 sociale via Facebook ou des r\u00e9seaux sociaux similaires, apr\u00e8s avoir obtenu votre consentement. Si vous refusez la divulgation de ces informations, veuillez ne pas cliquer sur le bouton de consentement, les supprimer ou refuser de continuer \u00e0 publier des informations pertinentes sur ce site web via le m\u00e9canisme d&#039;adh\u00e9sion de chaque r\u00e9seau social. Pour toute question, vous pouvez contacter la Soci\u00e9t\u00e9\u00a0; elle vous aidera \u00e0 confirmer et \u00e0 traiter votre demande.<\/span><\/p><p style=\"text-align: left;\"><span style=\"font-weight: 400;\">La Soci\u00e9t\u00e9 ne fournira pas arbitrairement vos informations personnelles \u00e0 des tiers, sauf pour les fournir aux autorit\u00e9s judiciaires, d&#039;enqu\u00eate ou comp\u00e9tentes, comme l&#039;exige la loi, ou pour les utiliser par nos partenaires dans le cadre d&#039;activit\u00e9s connexes.<\/span><\/p><p style=\"text-align: left;\"><span style=\"font-weight: 400;\">Lorsque la Soci\u00e9t\u00e9 ou ce site Web est acquis par un tiers ou que ses actifs sont achet\u00e9s, entra\u00eenant un changement des droits de gestion, la Soci\u00e9t\u00e9 annoncera \u00e0 l&#039;avance les d\u00e9tails pertinents sur ce site Web, et tout ou partie des informations utilisateur d\u00e9tenues par la Soci\u00e9t\u00e9 peuvent \u00e9galement \u00eatre transf\u00e9r\u00e9es au tiers en cas de changement des droits de gestion.<\/span><\/p><p style=\"text-align: left;\"><span style=\"font-weight: 400;\">4. Technologie des cookies<\/span><\/p><p style=\"text-align: left;\"><span style=\"font-weight: 400;\">Afin de faciliter votre identification future, la Soci\u00e9t\u00e9 peut installer et stocker des Cookies sur votre ordinateur lorsque vous utilisez les services de ce site Web.<\/span><\/p><p style=\"text-align: left;\"><span style=\"font-weight: 400;\">Vous pouvez autoriser ou non l&#039;utilisation des cookies en configurant votre ordinateur ou votre appareil connect\u00e9 \u00e0 Internet. La d\u00e9sactivation des cookies peut entra\u00eener des d\u00e9sagr\u00e9ments ou des limitations fonctionnelles partielles lors de l&#039;utilisation des services de ce site web.<\/span><\/p><p style=\"text-align: left;\"><span style=\"font-weight: 400;\">5. Confidentialit\u00e9 et s\u00e9curit\u00e9<\/span><\/p><p style=\"text-align: left;\"><span style=\"font-weight: 400;\">Nos employ\u00e9s peuvent avoir un acc\u00e8s limit\u00e9 \u00e0 vos informations personnelles uniquement dans le cadre de leurs besoins pour vous fournir des produits ou des services.<\/span><\/p><p style=\"text-align: left;\"><span style=\"font-weight: 400;\">Afin de prot\u00e9ger la s\u00e9curit\u00e9 de votre compte et de vos informations personnelles, veuillez ne pas communiquer votre compte personnel et votre mot de passe \u00e0 un tiers, ni autoriser un tiers \u00e0 demander un compte et un mot de passe avec vos informations personnelles. Dans le cas contraire, vous serez seul responsable des responsabilit\u00e9s encourues. Si votre compte et votre mot de passe sont suspect\u00e9s d&#039;avoir \u00e9t\u00e9 divulgu\u00e9s, veuillez les modifier imm\u00e9diatement ou avertir la Soci\u00e9t\u00e9 afin qu&#039;elle suspende votre compte (la Soci\u00e9t\u00e9 pourra vous demander de v\u00e9rifier vos informations personnelles).<\/span><\/p><p style=\"text-align: left;\"><span style=\"font-weight: 400;\">Internet n&#039;est pas un environnement s\u00e9curis\u00e9 pour la transmission d&#039;informations. Lorsque vous utilisez ce site web, veuillez \u00e9viter de communiquer des informations personnelles sensibles \u00e0 des tiers ou de les divulguer publiquement sur le site.<\/span><\/p><p style=\"text-align: left;\"><span style=\"font-weight: 400;\">6. Protection des mineurs<\/span><\/p><p style=\"text-align: left;\"><span style=\"font-weight: 400;\">Ce site web n&#039;est pas sp\u00e9cifiquement con\u00e7u pour les mineurs. Lorsqu&#039;un mineur utilise ce site web, s&#039;il accepte que ses informations personnelles soient collect\u00e9es et utilis\u00e9es, il doit obtenir le consentement de son repr\u00e9sentant l\u00e9gal ou de son tuteur. Ce dernier peut demander \u00e0 la Soci\u00e9t\u00e9 de cesser \u00e0 tout moment la collecte, le traitement et l&#039;utilisation de comptes sp\u00e9cifiques et des informations personnelles associ\u00e9es.<\/span><\/p><p style=\"text-align: left;\"><span style=\"font-weight: 400;\">7. Modifications de la politique de confidentialit\u00e9<\/span><\/p><p style=\"text-align: left;\"><span style=\"font-weight: 400;\">En cas de modification de la politique de confidentialit\u00e9, ce site web vous informera des modifications importantes par courriel ou SMS, et les publiera sur le site web. Si vous n&#039;acceptez pas ces modifications, veuillez cesser d&#039;utiliser les services de ce site web et demander \u00e0 l&#039;entreprise de cesser de collecter, de traiter et d&#039;utiliser vos informations personnelles conform\u00e9ment aux dispositions de la pr\u00e9sente politique de confidentialit\u00e9.<\/span><\/p>\t\t\t\t\t\t\t\t<\/div>\n\t\t\t\t<\/div>\n\t\t\t\t\t<\/div>\n\t\t<\/div>\n\t\t\t\t\t<\/div>\n\t\t<\/section>\n\t\t\t\t<\/div>","protected":false},"excerpt":{"rendered":"<p>Moogird (moogird.tw) est exploit\u00e9 par l&#039;\u00e9quipe Moogird (ci-apr\u00e8s d\u00e9nomm\u00e9e \u00ab\u00a0la Soci\u00e9t\u00e9\u00a0\u00bb). La Soci\u00e9t\u00e9 attache une grande importance \u00e0 la protection de votre vie priv\u00e9e et [\u2026]<\/p>","protected":false},"author":1,"featured_media":0,"parent":0,"menu_order":0,"comment_status":"closed","ping_status":"open","template":"elementor_header_footer","meta":{"_seopress_robots_primary_cat":"","_seopress_titles_title":"","_seopress_titles_desc":"","_seopress_robots_index":"","footnotes":""},"class_list":["post-3","page","type-page","status-publish","hentry"],"_links":{"self":[{"href":"https:\/\/moospace.tw\/fr\/wp-json\/wp\/v2\/pages\/3","targetHints":{"allow":["GET"]}}],"collection":[{"href":"https:\/\/moospace.tw\/fr\/wp-json\/wp\/v2\/pages"}],"about":[{"href":"https:\/\/moospace.tw\/fr\/wp-json\/wp\/v2\/types\/page"}],"author":[{"embeddable":true,"href":"https:\/\/moospace.tw\/fr\/wp-json\/wp\/v2\/users\/1"}],"replies":[{"embeddable":true,"href":"https:\/\/moospace.tw\/fr\/wp-json\/wp\/v2\/comments?post=3"}],"version-history":[{"count":0,"href":"https:\/\/moospace.tw\/fr\/wp-json\/wp\/v2\/pages\/3\/revisions"}],"wp:attachment":[{"href":"https:\/\/moospace.tw\/fr\/wp-json\/wp\/v2\/media?parent=3"}],"curies":[{"name":"wp","href":"https:\/\/api.w.org\/{rel}","templated":true}]}}