{"id":3,"date":"2019-09-10T01:11:38","date_gmt":"2019-09-09T17:11:38","guid":{"rendered":"https:\/\/demo1.mooga.com.tw\/?page_id=3"},"modified":"2019-12-23T21:08:26","modified_gmt":"2019-12-23T13:08:26","slug":"privacy-policy","status":"publish","type":"page","link":"https:\/\/moospace.tw\/it\/privacy-policy\/","title":{"rendered":"politica sulla riservatezza"},"content":{"rendered":"<div data-elementor-type=\"wp-page\" data-elementor-id=\"3\" class=\"elementor elementor-3\" data-elementor-post-type=\"page\">\n\t\t\t\t\t\t<section class=\"elementor-section elementor-top-section elementor-element elementor-element-b6ec20a elementor-section-boxed elementor-section-height-default elementor-section-height-default\" data-id=\"b6ec20a\" data-element_type=\"section\">\n\t\t\t\t\t\t<div class=\"elementor-container elementor-column-gap-default\">\n\t\t\t\t\t<div class=\"elementor-column elementor-col-100 elementor-top-column elementor-element elementor-element-4f097b3\" data-id=\"4f097b3\" data-element_type=\"column\">\n\t\t\t<div class=\"elementor-widget-wrap elementor-element-populated\">\n\t\t\t\t\t\t<div class=\"elementor-element elementor-element-f060146 elementor-widget elementor-widget-heading\" data-id=\"f060146\" data-element_type=\"widget\" data-widget_type=\"heading.default\">\n\t\t\t\t<div class=\"elementor-widget-container\">\n\t\t\t\t\t<h2 class=\"elementor-heading-title elementor-size-default\">politica sulla riservatezza<\/h2>\t\t\t\t<\/div>\n\t\t\t\t<\/div>\n\t\t\t\t<div class=\"elementor-element elementor-element-b4b9e48 elementor-widget elementor-widget-text-editor\" data-id=\"b4b9e48\" data-element_type=\"widget\" data-widget_type=\"text-editor.default\">\n\t\t\t\t<div class=\"elementor-widget-container\">\n\t\t\t\t\t\t\t\t\t<p style=\"text-align: left;\"><span style=\"font-weight: 400;\">Moogird (moogird.tw) \u00e8 gestito dal team Moogird (di seguito denominato &quot;la Societ\u00e0&quot;). La Societ\u00e0 attribuisce grande importanza alla tutela dei tuoi diritti alla privacy e raccoglier\u00e0, elaborer\u00e0 e utilizzer\u00e0 i tuoi dati personali in conformit\u00e0 con la Legge sulla protezione dei dati personali e con la presente Informativa sulla privacy, e ti garantir\u00e0 l&#039;esercizio e la tutela dei tuoi diritti sui dati personali. Se non accetti in tutto o in parte la presente Informativa sulla privacy, ti preghiamo di interrompere l&#039;utilizzo dei servizi di questo sito web.<\/span><\/p><p style=\"text-align: left;\"><span style=\"font-weight: 400;\">1. Ambito di applicazione della presente informativa sulla privacy<\/span><\/p><p style=\"text-align: left;\"><span style=\"font-weight: 400;\">Prima di utilizzare i servizi di questo sito web, conferma di aver letto e accettato tutti i termini elencati nella presente informativa sulla privacy. Se non accetti tutti o parte di essi, ti preghiamo di non utilizzare i servizi di questo sito web.<\/span><\/p><p style=\"text-align: left;\"><span style=\"font-weight: 400;\">La presente informativa sulla privacy si applica esclusivamente alla raccolta, all&#039;elaborazione e all&#039;utilizzo dei tuoi dati personali da parte di questo sito web e non si applica ad altre societ\u00e0 o individui che non sono di nostra propriet\u00e0 o controllati dalla nostra azienda. Attraverso questo sito web potresti essere collegato a siti web gestiti da terze parti. Le informazioni personali raccolte da ciascun sito web sono gestite in conformit\u00e0 con l&#039;informativa sulla privacy del sito web e non hanno nulla a che fare con la nostra azienda.<\/span><\/p><p style=\"text-align: left;\"><span style=\"font-weight: 400;\">2. Questioni che devono essere notificate ai sensi della legge sulla protezione dei dati personali<\/span><\/p><p style=\"text-align: left;\"><span style=\"font-weight: 400;\">(1) Nome dell&#039;agenzia di riscossione: Muge Co., Ltd.<\/span><\/p><p style=\"text-align: left;\"><span style=\"font-weight: 400;\">(2) Scopo della raccolta: Fornitura dei servizi correlati dell&#039;azienda, marketing, gestione dei clienti, gestione dei membri e altre attivit\u00e0 di marketing e promozione in collaborazione con terze parti<\/span><\/p><p style=\"text-align: left;\"><span style=\"font-weight: 400;\">(3) Categorie di dati personali: identificazione (nome, indirizzo, numero di contatto, indirizzo e-mail), caratteristiche (et\u00e0, sesso, data di nascita, ecc.), stato sociale (interessi, tempo libero, stile di vita, modelli di consumo, ecc.) e altri (e-mail, messaggi del sito Web e informazioni di tracciamento registrate automaticamente dal sistema, ecc.).<\/span><\/p><p style=\"text-align: left;\"><span style=\"font-weight: 400;\">(4) Periodo di utilizzo dei dati personali: durante il periodo di effettiva iscrizione al presente sito web e sei mesi dopo la cessazione; se non sei un membro, sei mesi dopo che cessa di esistere lo scopo della raccolta dei dati personali.<\/span><\/p><p style=\"text-align: left;\"><span style=\"font-weight: 400;\">(5) Regione in cui vengono utilizzati i dati personali: la sede in cui la nostra azienda svolge la propria attivit\u00e0 e ospita i propri server \u00e8 attualmente a Taiwan.<\/span><\/p><p style=\"text-align: left;\"><span style=\"font-weight: 400;\">(6) Destinatari dell&#039;uso dei dati personali: la Societ\u00e0 e i suoi fornitori esternalizzati (ad esempio fornitori che forniscono logistica, flussi finanziari o omaggi e mostre per eventi). Se i dati personali vengono raccolti congiuntamente dalla Societ\u00e0 e da altri fornitori, ci\u00f2 sar\u00e0 chiaramente indicato nelle attivit\u00e0 di raccolta congiunta.<\/span><\/p><p style=\"text-align: left;\"><span style=\"font-weight: 400;\">(7) Come vengono utilizzati i dati personali: li utilizzeremo in conformit\u00e0 con lo scopo della raccolta e con la presente Informativa sulla privacy.<\/span><\/p><p style=\"text-align: left;\"><span style=\"font-weight: 400;\">(8) Modalit\u00e0 di esercizio dei diritti sui dati dell&#039;utente: ai sensi dell&#039;articolo 3 della legge sulla protezione dei dati personali, l&#039;utente ha il diritto di informarsi o richiedere l&#039;accesso, richiedere una copia, richiedere l&#039;integrazione o la correzione, richiedere la cessazione della raccolta, dell&#039;elaborazione o dell&#039;utilizzo o richiedere la cancellazione dei propri dati personali. Puoi esercitare i diritti di cui sopra inviando un&#039;e-mail a service@moogrid.tw. La nostra azienda elaborer\u00e0 la tua richiesta il prima possibile dopo averla ricevuta.<\/span><\/p><p style=\"text-align: left;\"><span style=\"font-weight: 400;\">(9) Informazioni personali facoltative: se la Societ\u00e0 raccoglie informazioni personali e la pagina web o il documento pertinente afferma che le informazioni sono facoltative, ci\u00f2 avviene solo allo scopo di offrirti un&#039;esperienza migliore durante l&#039;utilizzo del Sito Web e non influisce sui tuoi diritti e interessi nell&#039;utilizzo del Sito Web.<\/span><\/p><p style=\"text-align: left;\"><span style=\"font-weight: 400;\">3. Raccolta, elaborazione e utilizzo dei dati personali<\/span><\/p><p style=\"text-align: left;\"><span style=\"font-weight: 400;\">La Societ\u00e0 pu\u00f2, tramite Facebook o sistemi di servizi social simili, pubblicare parte delle informazioni su questo Sito Web sulla tua pagina di informazioni sulle attivit\u00e0 social dopo aver ottenuto il tuo consenso. Se non accetti la pubblicazione di tali informazioni, ti preghiamo di non cliccare sul pulsante di consenso, o di rimuovere tali informazioni o di rifiutare che questo Sito Web continui a pubblicare informazioni correlate tramite il meccanismo di iscrizione al servizio social in seguito. In caso di domande, puoi sempre contattare la nostra azienda: ti aiuteremo a confermare e gestire le questioni rilevanti.<\/span><\/p><p style=\"text-align: left;\"><span style=\"font-weight: 400;\">La Societ\u00e0 non fornir\u00e0 arbitrariamente i tuoi dati personali a terze parti, salvo per fornirli ad autorit\u00e0 giudiziarie, investigative o competenti come richiesto dalla legge, o per l&#039;utilizzo da parte dei nostri partner nello svolgimento di attivit\u00e0 correlate.<\/span><\/p><p style=\"text-align: left;\"><span style=\"font-weight: 400;\">Qualora la Societ\u00e0 o questo sito web vengano acquisiti o i suoi beni vengano acquistati da una terza parte, con conseguente modifica dei diritti di gestione, la Societ\u00e0 annuncer\u00e0 in anticipo i dettagli rilevanti su questo sito web e, in caso di modifica dei diritti di gestione, tutte o parte delle informazioni utente di propriet\u00e0 della Societ\u00e0 potranno essere trasferite a terze parti.<\/span><\/p><p style=\"text-align: left;\"><span style=\"font-weight: 400;\">4. Tecnologia dei cookie<\/span><\/p><p style=\"text-align: left;\"><span style=\"font-weight: 400;\">Per facilitare l&#039;identificazione futura, la Societ\u00e0 pu\u00f2 impostare e memorizzare Cookie sul tuo computer quando utilizzi i servizi di questo sito web.<\/span><\/p><p style=\"text-align: left;\"><span style=\"font-weight: 400;\">Puoi decidere se consentire l&#039;uso della tecnologia Cookie impostando il tuo personal computer o dispositivo Internet. Se disattivi Cookie, ci\u00f2 potrebbe causare inconvenienti o limitazioni funzionali parziali quando utilizzi i servizi di questo sito web.<\/span><\/p><p style=\"text-align: left;\"><span style=\"font-weight: 400;\">5. Riservatezza e sicurezza<\/span><\/p><p style=\"text-align: left;\"><span style=\"font-weight: 400;\">I nostri dipendenti potrebbero avere un accesso limitato ai tuoi dati personali solo nell&#039;ambito delle loro esigenze di fornirti prodotti o servizi.<\/span><\/p><p style=\"text-align: left;\"><span style=\"font-weight: 400;\">Per proteggere la sicurezza del tuo account e delle tue informazioni personali, ti preghiamo di non fornire il tuo numero di account personale e la tua password a terze parti o di non consentire a terze parti di richiedere un numero di account e una password utilizzando le tue informazioni personali. In caso contrario, sarai l&#039;unico responsabile di qualsiasi responsabilit\u00e0 correlata. Se il tuo numero di conto o la tua password rischiano di essere divulgati, cambia immediatamente la password o informa la Societ\u00e0 per sospendere il conto (la Societ\u00e0 potrebbe chiederti di verificare i tuoi dati personali).<\/span><\/p><p style=\"text-align: left;\"><span style=\"font-weight: 400;\">Internet non \u00e8 un ambiente sicuro per la trasmissione di informazioni. Quando si utilizza questo sito Web, si prega di evitare di fornire informazioni personali sensibili ad altri o di divulgarle pubblicamente sul sito Web.<\/span><\/p><p style=\"text-align: left;\"><span style=\"font-weight: 400;\">6. Tutela dei minori<\/span><\/p><p style=\"text-align: left;\"><span style=\"font-weight: 400;\">Questo sito web non \u00e8 specificamente progettato per minori\/bambini. Quando i minori utilizzano questo sito web, se acconsentono che questo sito web possa raccogliere e utilizzare le loro informazioni personali, devono farlo in presenza del loro rappresentante legale o tutore. Il rappresentante legale o il tutore pu\u00f2 richiedere in qualsiasi momento alla Societ\u00e0 di interrompere la raccolta, l&#039;elaborazione e l&#039;utilizzo di un account specifico e dei relativi dati personali.<\/span><\/p><p style=\"text-align: left;\"><span style=\"font-weight: 400;\">7. Modifiche all&#039;Informativa sulla privacy<\/span><\/p><p style=\"text-align: left;\"><span style=\"font-weight: 400;\">Qualora l&#039;informativa sulla privacy venisse modificata, questo sito web ti informer\u00e0 di eventuali modifiche sostanziali tramite e-mail o messaggio di testo da te fornito e le pubblicher\u00e0 su questo sito web. Se non accetti tali cambiamenti o modifiche, ti preghiamo di interrompere l&#039;utilizzo dei servizi di questo sito web e di informare la Societ\u00e0 affinch\u00e9 interrompa la raccolta, l&#039;elaborazione e l&#039;utilizzo dei tuoi dati personali in conformit\u00e0 con le disposizioni della presente Informativa sulla privacy.<\/span><\/p>\t\t\t\t\t\t\t\t<\/div>\n\t\t\t\t<\/div>\n\t\t\t\t\t<\/div>\n\t\t<\/div>\n\t\t\t\t\t<\/div>\n\t\t<\/section>\n\t\t\t\t<\/div>","protected":false},"excerpt":{"rendered":"<p>Moogird (moogird.tw) \u00e8 gestito dal team Moogird (di seguito denominato &quot;la Societ\u00e0&quot;). La Societ\u00e0 attribuisce grande importanza alla tutela della privacy e [\u2026]<\/p>","protected":false},"author":1,"featured_media":0,"parent":0,"menu_order":0,"comment_status":"closed","ping_status":"open","template":"elementor_header_footer","meta":{"_seopress_robots_primary_cat":"","_seopress_titles_title":"","_seopress_titles_desc":"","_seopress_robots_index":"","footnotes":""},"class_list":["post-3","page","type-page","status-publish","hentry"],"_links":{"self":[{"href":"https:\/\/moospace.tw\/it\/wp-json\/wp\/v2\/pages\/3","targetHints":{"allow":["GET"]}}],"collection":[{"href":"https:\/\/moospace.tw\/it\/wp-json\/wp\/v2\/pages"}],"about":[{"href":"https:\/\/moospace.tw\/it\/wp-json\/wp\/v2\/types\/page"}],"author":[{"embeddable":true,"href":"https:\/\/moospace.tw\/it\/wp-json\/wp\/v2\/users\/1"}],"replies":[{"embeddable":true,"href":"https:\/\/moospace.tw\/it\/wp-json\/wp\/v2\/comments?post=3"}],"version-history":[{"count":0,"href":"https:\/\/moospace.tw\/it\/wp-json\/wp\/v2\/pages\/3\/revisions"}],"wp:attachment":[{"href":"https:\/\/moospace.tw\/it\/wp-json\/wp\/v2\/media?parent=3"}],"curies":[{"name":"parola chiave","href":"https:\/\/api.w.org\/{rel}","templated":true}]}}