{"id":3,"date":"2019-09-10T01:11:38","date_gmt":"2019-09-09T17:11:38","guid":{"rendered":"https:\/\/demo1.mooga.com.tw\/?page_id=3"},"modified":"2019-12-23T21:08:26","modified_gmt":"2019-12-23T13:08:26","slug":"privacy-policy","status":"publish","type":"page","link":"https:\/\/moospace.tw\/pt\/privacy-policy\/","title":{"rendered":"pol\u00edtica de Privacidade"},"content":{"rendered":"<div data-elementor-type=\"wp-page\" data-elementor-id=\"3\" class=\"elementor elementor-3\" data-elementor-post-type=\"page\">\n\t\t\t\t\t\t<section class=\"elementor-section elementor-top-section elementor-element elementor-element-b6ec20a elementor-section-boxed elementor-section-height-default elementor-section-height-default\" data-id=\"b6ec20a\" data-element_type=\"section\">\n\t\t\t\t\t\t<div class=\"elementor-container elementor-column-gap-default\">\n\t\t\t\t\t<div class=\"elementor-column elementor-col-100 elementor-top-column elementor-element elementor-element-4f097b3\" data-id=\"4f097b3\" data-element_type=\"column\">\n\t\t\t<div class=\"elementor-widget-wrap elementor-element-populated\">\n\t\t\t\t\t\t<div class=\"elementor-element elementor-element-f060146 elementor-widget elementor-widget-heading\" data-id=\"f060146\" data-element_type=\"widget\" data-widget_type=\"heading.default\">\n\t\t\t\t<div class=\"elementor-widget-container\">\n\t\t\t\t\t<h2 class=\"elementor-heading-title elementor-size-default\">pol\u00edtica de Privacidade<\/h2>\t\t\t\t<\/div>\n\t\t\t\t<\/div>\n\t\t\t\t<div class=\"elementor-element elementor-element-b4b9e48 elementor-widget elementor-widget-text-editor\" data-id=\"b4b9e48\" data-element_type=\"widget\" data-widget_type=\"text-editor.default\">\n\t\t\t\t<div class=\"elementor-widget-container\">\n\t\t\t\t\t\t\t\t\t<p style=\"text-align: left;\"><span style=\"font-weight: 400;\">O Moogird (moogird.tw) \u00e9 operado pela equipe Moogird (doravante denominada &quot;a Empresa&quot;). A Empresa atribui grande import\u00e2ncia \u00e0 prote\u00e7\u00e3o dos seus direitos de privacidade e coletar\u00e1, processar\u00e1 e usar\u00e1 suas informa\u00e7\u00f5es pessoais de acordo com a Lei de Prote\u00e7\u00e3o de Dados Pessoais e esta Pol\u00edtica de Privacidade, al\u00e9m de lhe proporcionar o exerc\u00edcio e a prote\u00e7\u00e3o dos seus direitos de dados pessoais. Se voc\u00ea n\u00e3o concordar com toda ou parte desta Pol\u00edtica de Privacidade, pare de usar os servi\u00e7os deste site.<\/span><\/p><p style=\"text-align: left;\"><span style=\"font-weight: 400;\">1. \u00c2mbito de aplica\u00e7\u00e3o desta pol\u00edtica de privacidade<\/span><\/p><p style=\"text-align: left;\"><span style=\"font-weight: 400;\">Antes de usar os servi\u00e7os deste site, confirme que voc\u00ea revisou e concordou com todos os termos listados nesta pol\u00edtica de privacidade. Se voc\u00ea n\u00e3o concordar com todos ou parte deles, n\u00e3o use os servi\u00e7os deste site.<\/span><\/p><p style=\"text-align: left;\"><span style=\"font-weight: 400;\">Esta pol\u00edtica de privacidade se aplica somente \u00e0 coleta, processamento e uso de suas informa\u00e7\u00f5es pessoais por este site e n\u00e3o se aplica a outras empresas ou indiv\u00edduos que n\u00e3o sejam de propriedade ou controlados por nossa empresa. Voc\u00ea pode ser vinculado a sites operados por terceiros por meio deste site. As informa\u00e7\u00f5es pessoais coletadas por cada site s\u00e3o tratadas de acordo com a pol\u00edtica de privacidade do site e n\u00e3o t\u00eam nada a ver com nossa empresa.<\/span><\/p><p style=\"text-align: left;\"><span style=\"font-weight: 400;\">2. Assuntos que devem ser notificados sob a Lei de Prote\u00e7\u00e3o de Dados Pessoais<\/span><\/p><p style=\"text-align: left;\"><span style=\"font-weight: 400;\">(1) Nome da ag\u00eancia de cobran\u00e7a: Muge Co., Ltd.<\/span><\/p><p style=\"text-align: left;\"><span style=\"font-weight: 400;\">(2) Finalidade da coleta: Fornecer servi\u00e7os relacionados \u00e0 empresa, marketing, gerenciamento de clientes, gerenciamento de membros e outras atividades de marketing e promo\u00e7\u00e3o em coopera\u00e7\u00e3o com terceiros<\/span><\/p><p style=\"text-align: left;\"><span style=\"font-weight: 400;\">(3) Categorias de dados pessoais: identifica\u00e7\u00e3o (nome, endere\u00e7o, n\u00famero de contato, endere\u00e7o de e-mail), caracter\u00edsticas (idade, sexo, data de nascimento, etc.), status social (interesses, lazer, estilo de vida, padr\u00f5es de consumo, etc.) e outros (e-mails, mensagens de sites e informa\u00e7\u00f5es de rastreamento registradas automaticamente pelo sistema, etc.).<\/span><\/p><p style=\"text-align: left;\"><span style=\"font-weight: 400;\">(4) Per\u00edodo de utiliza\u00e7\u00e3o dos dados pessoais: Durante o per\u00edodo efetivo de ades\u00e3o a este site e seis meses ap\u00f3s o t\u00e9rmino; se voc\u00ea n\u00e3o for um membro, seis meses ap\u00f3s o prop\u00f3sito da coleta de dados pessoais deixar de existir.<\/span><\/p><p style=\"text-align: left;\"><span style=\"font-weight: 400;\">(5) Regi\u00e3o onde os dados pessoais s\u00e3o usados: O local onde nossa empresa conduz neg\u00f3cios e hospeda seus servidores est\u00e1 atualmente em Taiwan.<\/span><\/p><p style=\"text-align: left;\"><span style=\"font-weight: 400;\">(6) Alvos do uso de dados pessoais: A Empresa e seus fornecedores terceirizados (por exemplo, fornecedores que fornecem log\u00edstica, fluxos financeiros ou brindes e exibi\u00e7\u00f5es de eventos). Se os dados pessoais forem coletados em conjunto pela Empresa e outros fornecedores, isso ser\u00e1 claramente declarado nas atividades de coleta conjunta.<\/span><\/p><p style=\"text-align: left;\"><span style=\"font-weight: 400;\">(7) Como os dados pessoais s\u00e3o usados: N\u00f3s os usaremos de acordo com a finalidade da coleta e esta Pol\u00edtica de Privacidade.<\/span><\/p><p style=\"text-align: left;\"><span style=\"font-weight: 400;\">(8) M\u00e9todos de exerc\u00edcio dos direitos de dados do usu\u00e1rio: De acordo com o Artigo 3 da Lei de Prote\u00e7\u00e3o de Dados Pessoais, voc\u00ea tem o direito de consultar ou solicitar acesso, solicitar uma c\u00f3pia, solicitar complementa\u00e7\u00e3o ou corre\u00e7\u00e3o, solicitar a cessa\u00e7\u00e3o da coleta, processamento ou uso, ou solicitar a exclus\u00e3o de seus dados pessoais. Voc\u00ea pode exercer os direitos acima enviando um e-mail para service@moogrid.tw. Nossa empresa processar\u00e1 sua solicita\u00e7\u00e3o o mais breve poss\u00edvel ap\u00f3s receb\u00ea-la.<\/span><\/p><p style=\"text-align: left;\"><span style=\"font-weight: 400;\">(9) Informa\u00e7\u00f5es pessoais opcionais: se a Empresa coletar informa\u00e7\u00f5es pessoais e a p\u00e1gina da web ou documento relevante declarar que as informa\u00e7\u00f5es s\u00e3o opcionais, isso ser\u00e1 apenas para o prop\u00f3sito de lhe proporcionar uma melhor experi\u00eancia ao usar o Site e n\u00e3o afetar\u00e1 seus direitos e interesses ao usar o Site.<\/span><\/p><p style=\"text-align: left;\"><span style=\"font-weight: 400;\">3. Coleta, processamento e uso de informa\u00e7\u00f5es pessoais<\/span><\/p><p style=\"text-align: left;\"><span style=\"font-weight: 400;\">A Empresa pode, por meio do Facebook ou sistemas de servi\u00e7os sociais semelhantes, publicar parte das informa\u00e7\u00f5es deste Site na sua p\u00e1gina de informa\u00e7\u00f5es de atividade social ap\u00f3s obter seu consentimento. Se voc\u00ea n\u00e3o concordar com a publica\u00e7\u00e3o de tais informa\u00e7\u00f5es, n\u00e3o clique no bot\u00e3o de consentimento, nem remova tais informa\u00e7\u00f5es ou recuse que este Site continue publicando informa\u00e7\u00f5es relacionadas por meio do mecanismo de associa\u00e7\u00e3o do servi\u00e7o social posteriormente. Caso tenha alguma d\u00favida, voc\u00ea ainda pode entrar em contato com nossa empresa e n\u00f3s o ajudaremos a confirmar e lidar com as quest\u00f5es relevantes.<\/span><\/p><p style=\"text-align: left;\"><span style=\"font-weight: 400;\">A Empresa n\u00e3o fornecer\u00e1 arbitrariamente suas informa\u00e7\u00f5es pessoais a terceiros, exceto para fornec\u00ea-las a autoridades judiciais, investigativas ou competentes relevantes, conforme exigido por lei, ou para uso por nossos parceiros na realiza\u00e7\u00e3o de atividades relacionadas.<\/span><\/p><p style=\"text-align: left;\"><span style=\"font-weight: 400;\">Quando a Empresa ou este site forem adquiridos ou seus ativos forem comprados por terceiros, resultando em uma mudan\u00e7a de direitos de gest\u00e3o, a Empresa anunciar\u00e1 os detalhes relevantes neste site com anteced\u00eancia, e todas ou parte das informa\u00e7\u00f5es do usu\u00e1rio de propriedade da Empresa tamb\u00e9m poder\u00e3o ser transferidas para terceiros no caso de uma mudan\u00e7a de direitos de gest\u00e3o.<\/span><\/p><p style=\"text-align: left;\"><span style=\"font-weight: 400;\">4. Tecnologia de cookies<\/span><\/p><p style=\"text-align: left;\"><span style=\"font-weight: 400;\">Para facilitar a identifica\u00e7\u00e3o futura, a Empresa pode definir e armazenar Cookies no seu computador quando voc\u00ea usa os servi\u00e7os deste site.<\/span><\/p><p style=\"text-align: left;\"><span style=\"font-weight: 400;\">Voc\u00ea pode decidir se permite o uso da tecnologia Cookie configurando seu computador pessoal ou dispositivo de Internet. Se voc\u00ea desativar o Cookie, isso pode causar inconveni\u00eancia ou limita\u00e7\u00f5es funcionais parciais quando voc\u00ea usar os servi\u00e7os deste site.<\/span><\/p><p style=\"text-align: left;\"><span style=\"font-weight: 400;\">5. Confidencialidade e Seguran\u00e7a<\/span><\/p><p style=\"text-align: left;\"><span style=\"font-weight: 400;\">Nossos funcion\u00e1rios podem ter acesso limitado \u00e0s suas informa\u00e7\u00f5es pessoais apenas dentro do escopo de suas necessidades de lhe fornecer produtos ou servi\u00e7os.<\/span><\/p><p style=\"text-align: left;\"><span style=\"font-weight: 400;\">Para proteger a seguran\u00e7a da sua conta e informa\u00e7\u00f5es pessoais, n\u00e3o forne\u00e7a seu n\u00famero de conta pessoal e senha a terceiros nem permita que terceiros solicitem um n\u00famero de conta e senha usando suas informa\u00e7\u00f5es pessoais. Caso contr\u00e1rio, voc\u00ea ser\u00e1 o \u00fanico respons\u00e1vel por qualquer obriga\u00e7\u00e3o relacionada. Se sua conta ou senha estiver em risco de vazamento, altere sua senha imediatamente ou notifique a Empresa para suspender a conta (a Empresa pode exigir que voc\u00ea verifique suas informa\u00e7\u00f5es pessoais).<\/span><\/p><p style=\"text-align: left;\"><span style=\"font-weight: 400;\">A Internet n\u00e3o \u00e9 um ambiente seguro para transmiss\u00e3o de informa\u00e7\u00f5es. Ao usar este site, evite fornecer informa\u00e7\u00f5es pessoais sens\u00edveis a outros ou divulg\u00e1-las publicamente no site.<\/span><\/p><p style=\"text-align: left;\"><span style=\"font-weight: 400;\">6. Prote\u00e7\u00e3o de Menores<\/span><\/p><p style=\"text-align: left;\"><span style=\"font-weight: 400;\">Este site n\u00e3o \u00e9 projetado especificamente para menores\/crian\u00e7as. Quando menores usam este site, se eles concordam que este site pode coletar e usar suas informa\u00e7\u00f5es pessoais, eles devem faz\u00ea-lo na presen\u00e7a de seu representante legal ou tutor. O representante legal ou respons\u00e1vel pode solicitar \u00e0 Empresa que interrompa a coleta, o processamento e o uso de uma conta espec\u00edfica e suas informa\u00e7\u00f5es pessoais relacionadas a qualquer momento.<\/span><\/p><p style=\"text-align: left;\"><span style=\"font-weight: 400;\">7. Altera\u00e7\u00f5es na Pol\u00edtica de Privacidade<\/span><\/p><p style=\"text-align: left;\"><span style=\"font-weight: 400;\">Se a pol\u00edtica de privacidade for modificada, este site notificar\u00e1 voc\u00ea sobre quaisquer altera\u00e7\u00f5es importantes por e-mail ou mensagem de texto fornecida e as anunciar\u00e1 neste site. Se voc\u00ea n\u00e3o concordar com tais altera\u00e7\u00f5es ou modifica\u00e7\u00f5es, pare de usar os servi\u00e7os deste site e notifique a Empresa para parar de coletar, processar e usar suas informa\u00e7\u00f5es pessoais de acordo com as disposi\u00e7\u00f5es desta Pol\u00edtica de Privacidade.<\/span><\/p>\t\t\t\t\t\t\t\t<\/div>\n\t\t\t\t<\/div>\n\t\t\t\t\t<\/div>\n\t\t<\/div>\n\t\t\t\t\t<\/div>\n\t\t<\/section>\n\t\t\t\t<\/div>","protected":false},"excerpt":{"rendered":"<p>O Moogird (moogird.tw) \u00e9 operado pela equipe do Moogird (doravante denominada &quot;a Empresa&quot;). A Empresa atribui grande import\u00e2ncia \u00e0 prote\u00e7\u00e3o da sua privacidade e [\u2026]<\/p>","protected":false},"author":1,"featured_media":0,"parent":0,"menu_order":0,"comment_status":"closed","ping_status":"open","template":"elementor_header_footer","meta":{"_seopress_robots_primary_cat":"","_seopress_titles_title":"","_seopress_titles_desc":"","_seopress_robots_index":"","footnotes":""},"class_list":["post-3","page","type-page","status-publish","hentry"],"_links":{"self":[{"href":"https:\/\/moospace.tw\/pt\/wp-json\/wp\/v2\/pages\/3","targetHints":{"allow":["GET"]}}],"collection":[{"href":"https:\/\/moospace.tw\/pt\/wp-json\/wp\/v2\/pages"}],"about":[{"href":"https:\/\/moospace.tw\/pt\/wp-json\/wp\/v2\/types\/page"}],"author":[{"embeddable":true,"href":"https:\/\/moospace.tw\/pt\/wp-json\/wp\/v2\/users\/1"}],"replies":[{"embeddable":true,"href":"https:\/\/moospace.tw\/pt\/wp-json\/wp\/v2\/comments?post=3"}],"version-history":[{"count":0,"href":"https:\/\/moospace.tw\/pt\/wp-json\/wp\/v2\/pages\/3\/revisions"}],"wp:attachment":[{"href":"https:\/\/moospace.tw\/pt\/wp-json\/wp\/v2\/media?parent=3"}],"curies":[{"name":"wp","href":"https:\/\/api.w.org\/{rel}","templated":true}]}}