{"id":861,"date":"2020-01-06T04:11:03","date_gmt":"2020-01-05T20:11:03","guid":{"rendered":"https:\/\/moospace.tw\/?page_id=861"},"modified":"2025-06-12T06:29:59","modified_gmt":"2025-06-11T22:29:59","slug":"preface","status":"publish","type":"page","link":"https:\/\/moospace.tw\/pt\/preface\/","title":{"rendered":"introdu\u00e7\u00e3o"},"content":{"rendered":"<div data-elementor-type=\"wp-page\" data-elementor-id=\"861\" class=\"elementor elementor-861\" data-elementor-post-type=\"page\">\n\t\t\t\t\t\t<section class=\"elementor-section elementor-top-section elementor-element elementor-element-5455e475 elementor-section-height-min-height elementor-section-boxed elementor-section-height-default elementor-section-items-middle\" data-id=\"5455e475\" data-element_type=\"section\" data-settings=\"{&quot;background_background&quot;:&quot;gradient&quot;,&quot;shape_divider_bottom&quot;:&quot;waves&quot;}\">\n\t\t\t\t\t\t\t<div class=\"elementor-background-overlay\"><\/div>\n\t\t\t\t\t\t<div class=\"elementor-shape elementor-shape-bottom\" aria-hidden=\"true\" data-negative=\"false\">\n\t\t\t<svg xmlns=\"http:\/\/www.w3.org\/2000\/svg\" viewbox=\"0 0 1000 100\" preserveaspectratio=\"none\">\n\t<path class=\"elementor-shape-fill\" d=\"M421.9,6.5c22.6-2.5,51.5,0.4,75.5,5.3c23.6,4.9,70.9,23.5,100.5,35.7c75.8,32.2,133.7,44.5,192.6,49.7\tc23.6,2.1,48.7,3.5,103.4-2.5c54.7-6,106.2-25.6,106.2-25.6V0H0v30.3c0,0,72,32.6,158.4,30.5c39.2-0.7,92.8-6.7,134-22.4\tc21.2-8.1,52.2-18.2,79.7-24.2C399.3,7.9,411.6,7.5,421.9,6.5z\"\/>\n<\/svg>\t\t<\/div>\n\t\t\t\t\t<div class=\"elementor-container elementor-column-gap-default\">\n\t\t\t\t\t<div class=\"elementor-column elementor-col-100 elementor-top-column elementor-element elementor-element-6acd1ead\" data-id=\"6acd1ead\" data-element_type=\"column\">\n\t\t\t<div class=\"elementor-widget-wrap elementor-element-populated\">\n\t\t\t\t\t\t<div class=\"elementor-element elementor-element-7a589c36 elementor-widget elementor-widget-heading\" data-id=\"7a589c36\" data-element_type=\"widget\" data-widget_type=\"heading.default\">\n\t\t\t\t<div class=\"elementor-widget-container\">\n\t\t\t\t\t<h3 class=\"elementor-heading-title elementor-size-default\">Fa\u00e7a uma pausa e leia nosso pref\u00e1cio<\/h3>\t\t\t\t<\/div>\n\t\t\t\t<\/div>\n\t\t\t\t\t<\/div>\n\t\t<\/div>\n\t\t\t\t\t<\/div>\n\t\t<\/section>\n\t\t\t\t<section class=\"elementor-section elementor-top-section elementor-element elementor-element-23adffa elementor-section-boxed elementor-section-height-default elementor-section-height-default\" data-id=\"23adffa\" data-element_type=\"section\">\n\t\t\t\t\t\t<div class=\"elementor-container elementor-column-gap-default\">\n\t\t\t\t\t<div class=\"elementor-column elementor-col-100 elementor-top-column elementor-element elementor-element-21f9912\" data-id=\"21f9912\" data-element_type=\"column\">\n\t\t\t<div class=\"elementor-widget-wrap elementor-element-populated\">\n\t\t\t\t\t\t<div class=\"elementor-element elementor-element-5e6af23 elementor-widget elementor-widget-text-editor\" data-id=\"5e6af23\" data-element_type=\"widget\" data-widget_type=\"text-editor.default\">\n\t\t\t\t<div class=\"elementor-widget-container\">\n\t\t\t\t\t\t\t\t\t<p>Para tornar sua visita a mais \u00fatil, sinceramente convidamos voc\u00ea a ler nossa introdu\u00e7\u00e3o, que resume brevemente os pontos-chave para embarcar em uma jornada interior para o objetivo da alma. Se voc\u00ea n\u00e3o consegue ressoar com os conceitos declarados abaixo, n\u00e3o precisa visitar o Mu Space. Por favor, respeite seus sentimentos internos. Acreditamos que todos os encontros t\u00eam o melhor momento. Aben\u00e7oem uns aos outros.<span style=\"letter-spacing: 3.2px; text-align: justify;\">.<\/span><\/p>\t\t\t\t\t\t\t\t<\/div>\n\t\t\t\t<\/div>\n\t\t\t\t\t<\/div>\n\t\t<\/div>\n\t\t\t\t\t<\/div>\n\t\t<\/section>\n\t\t\t\t<section class=\"elementor-section elementor-top-section elementor-element elementor-element-bb4bcc7 elementor-section-boxed elementor-section-height-default elementor-section-height-default\" data-id=\"bb4bcc7\" data-element_type=\"section\">\n\t\t\t\t\t\t<div class=\"elementor-container elementor-column-gap-default\">\n\t\t\t\t\t<div class=\"elementor-column elementor-col-100 elementor-top-column elementor-element elementor-element-b87d051\" data-id=\"b87d051\" data-element_type=\"column\">\n\t\t\t<div class=\"elementor-widget-wrap elementor-element-populated\">\n\t\t\t\t\t\t<section class=\"elementor-section elementor-inner-section elementor-element elementor-element-7cc102f elementor-section-boxed elementor-section-height-default elementor-section-height-default\" data-id=\"7cc102f\" data-element_type=\"section\">\n\t\t\t\t\t\t<div class=\"elementor-container elementor-column-gap-default\">\n\t\t\t\t\t<div class=\"elementor-column elementor-col-100 elementor-inner-column elementor-element elementor-element-b2c6c18\" data-id=\"b2c6c18\" data-element_type=\"column\">\n\t\t\t<div class=\"elementor-widget-wrap elementor-element-populated\">\n\t\t\t\t\t\t<div class=\"elementor-element elementor-element-e1f39cf uael-dual-heading-align-left elementor-widget elementor-widget-uael-dual-color-heading\" data-id=\"e1f39cf\" data-element_type=\"widget\" data-widget_type=\"uael-dual-color-heading.default\">\n\t\t\t\t<div class=\"elementor-widget-container\">\n\t\t\t\t\t\t\t\t\t<div class=\"uael-module-content uael-dual-color-heading uael-heading-stack-none\">\n\t\t\t<h2>\n\t\t\t\t\t\t\t\t\t\t\t\t\t\t\t\t<span class=\"uael-before-heading\"><span class=\"elementor-inline-editing uael-dual-heading-text uael-first-text\" data-elementor-setting-key=\"before_heading_text\" data-elementor-inline-editing-toolbar=\"basic\">01. Visite a Terra<\/span><\/span><span class=\"uael-adv-heading-stack\"><span class=\"elementor-inline-editing uael-dual-heading-text uael-highlight-text\" data-elementor-setting-key=\"second_heading_text\" data-elementor-inline-editing-toolbar=\"basic\">prop\u00f3sito<\/span><\/span>\t\t\t\t\t\t\t\t\t\t\t\t\t<\/h2>\n\t\t<\/div>\n\t\t\t\t\t\t<\/div>\n\t\t\t\t<\/div>\n\t\t\t\t<div class=\"elementor-element elementor-element-aff2b90 elementor-widget elementor-widget-text-editor\" data-id=\"aff2b90\" data-element_type=\"widget\" data-widget_type=\"text-editor.default\">\n\t\t\t\t<div class=\"elementor-widget-container\">\n\t\t\t\t\t\t\t\t\tViemos \u00e0 terra, atravessamos a cortina do esquecimento, vivenciamos novamente a vida com novos pap\u00e9is, completamos as hist\u00f3rias que a alma deseja realizar e vivenciamos as qualidades que a alma deseja vivenciar. Portanto, ao longo da vida, nos tornamos v\u00e1rios pap\u00e9is. e desempenhar v\u00e1rios pap\u00e9is. Todas essas hist\u00f3rias t\u00eam o prop\u00f3sito de vivenciar um eu maior, vivenciar a pr\u00f3pria ess\u00eancia, vivenciar a si mesmo, reconhecer a si mesmo e tornar-se seu eu natural.\t\t\t\t\t\t\t\t<\/div>\n\t\t\t\t<\/div>\n\t\t\t\t\t<\/div>\n\t\t<\/div>\n\t\t\t\t\t<\/div>\n\t\t<\/section>\n\t\t\t\t<section class=\"elementor-section elementor-inner-section elementor-element elementor-element-49502c8 elementor-section-boxed elementor-section-height-default elementor-section-height-default\" data-id=\"49502c8\" data-element_type=\"section\">\n\t\t\t\t\t\t<div class=\"elementor-container elementor-column-gap-default\">\n\t\t\t\t\t<div class=\"elementor-column elementor-col-100 elementor-inner-column elementor-element elementor-element-aeb56bd\" data-id=\"aeb56bd\" data-element_type=\"column\">\n\t\t\t<div class=\"elementor-widget-wrap elementor-element-populated\">\n\t\t\t\t\t\t<div class=\"elementor-element elementor-element-be18cb2 uael-dual-heading-align-left elementor-widget elementor-widget-uael-dual-color-heading\" data-id=\"be18cb2\" data-element_type=\"widget\" data-widget_type=\"uael-dual-color-heading.default\">\n\t\t\t\t<div class=\"elementor-widget-container\">\n\t\t\t\t\t\t\t\t\t<div class=\"uael-module-content uael-dual-color-heading uael-heading-stack-none\">\n\t\t\t<h2>\n\t\t\t\t\t\t\t\t\t\t\t\t\t\t\t\t<span class=\"uael-before-heading\"><span class=\"elementor-inline-editing uael-dual-heading-text uael-first-text\" data-elementor-setting-key=\"before_heading_text\" data-elementor-inline-editing-toolbar=\"basic\">02. Entenda e aplique<\/span><\/span><span class=\"uael-adv-heading-stack\"><span class=\"elementor-inline-editing uael-dual-heading-text uael-highlight-text\" data-elementor-setting-key=\"second_heading_text\" data-elementor-inline-editing-toolbar=\"basic\">lei<\/span><\/span>\t\t\t\t\t\t\t\t\t\t\t\t\t<\/h2>\n\t\t<\/div>\n\t\t\t\t\t\t<\/div>\n\t\t\t\t<\/div>\n\t\t\t\t<div class=\"elementor-element elementor-element-e41897e elementor-widget elementor-widget-text-editor\" data-id=\"e41897e\" data-element_type=\"widget\" data-widget_type=\"text-editor.default\">\n\t\t\t\t<div class=\"elementor-widget-container\">\n\t\t\t\t\t\t\t\t\t<p>Quando chegamos \u00e0 Terra, n\u00e3o estamos tateando cegamente. Este tempo e espa\u00e7o formularam algumas regras do jogo, que s\u00e3o os m\u00e9todos para operar tudo. Se pudermos estar familiarizados com as regras da Terra, ent\u00e3o na vida, n\u00f3s. ter\u00e1 uma b\u00fassola, essas leis encontrar\u00e3o o pr\u00f3ximo passo para n\u00f3s em nossa jornada em dire\u00e7\u00e3o ao prop\u00f3sito de nossa alma.<\/p>\t\t\t\t\t\t\t\t<\/div>\n\t\t\t\t<\/div>\n\t\t\t\t<div class=\"elementor-element elementor-element-d199b32 elementor-blockquote--skin-quotation elementor-widget elementor-widget-blockquote\" data-id=\"d199b32\" data-element_type=\"widget\" data-widget_type=\"blockquote.default\">\n\t\t\t\t<div class=\"elementor-widget-container\">\n\t\t\t\t\t\t\t<blockquote class=\"elementor-blockquote\">\n\t\t\t<p class=\"elementor-blockquote__content\">\n\t\t\t\tSeus pensamentos, palavras e a\u00e7\u00f5es est\u00e3o criando sua experi\u00eancia de vida\t\t\t<\/p>\n\t\t\t\t\t<\/blockquote>\n\t\t\t\t\t\t<\/div>\n\t\t\t\t<\/div>\n\t\t\t\t<div class=\"elementor-element elementor-element-eb12ed0 elementor-widget elementor-widget-text-editor\" data-id=\"eb12ed0\" data-element_type=\"widget\" data-widget_type=\"text-editor.default\">\n\t\t\t\t<div class=\"elementor-widget-container\">\n\t\t\t\t\t\t\t\t\t<p>Tudo o que voc\u00ea pensa, diz e faz em sua vida \u00e9 uma manifesta\u00e7\u00e3o de todas as suas cren\u00e7as internas. A frequ\u00eancia de vibra\u00e7\u00e3o dessas cren\u00e7as atrai eventos e situa\u00e7\u00f5es externas correspondentes para voc\u00ea. Isso \u00e9 cria\u00e7\u00e3o. Todos n\u00f3s temos um poder extremamente poderoso e estamos criando o tempo todo. Se voc\u00ea n\u00e3o conhece essa lei e seu pr\u00f3prio poder, \u00e9 f\u00e1cil criar inadvertidamente situa\u00e7\u00f5es negativas para si mesmo. Portanto, uma pessoa que est\u00e1 disposta a assumir a responsabilidade 100% por sua pr\u00f3pria vida deve aprender a cavar para dentro das experi\u00eancias externas da vida. Essa disposi\u00e7\u00e3o de assumir a responsabilidade tamb\u00e9m \u00e9 o come\u00e7o do uso do pr\u00f3prio poder.<\/p>\t\t\t\t\t\t\t\t<\/div>\n\t\t\t\t<\/div>\n\t\t\t\t\t<\/div>\n\t\t<\/div>\n\t\t\t\t\t<\/div>\n\t\t<\/section>\n\t\t\t\t<section class=\"elementor-section elementor-inner-section elementor-element elementor-element-821bd0a elementor-section-boxed elementor-section-height-default elementor-section-height-default\" data-id=\"821bd0a\" data-element_type=\"section\">\n\t\t\t\t\t\t<div class=\"elementor-container elementor-column-gap-default\">\n\t\t\t\t\t<div class=\"elementor-column elementor-col-100 elementor-inner-column elementor-element elementor-element-a56555d\" data-id=\"a56555d\" data-element_type=\"column\">\n\t\t\t<div class=\"elementor-widget-wrap elementor-element-populated\">\n\t\t\t\t\t\t<div class=\"elementor-element elementor-element-d2220b7 uael-dual-heading-align-left elementor-widget elementor-widget-uael-dual-color-heading\" data-id=\"d2220b7\" data-element_type=\"widget\" data-widget_type=\"uael-dual-color-heading.default\">\n\t\t\t\t<div class=\"elementor-widget-container\">\n\t\t\t\t\t\t\t\t\t<div class=\"uael-module-content uael-dual-color-heading uael-heading-stack-none\">\n\t\t\t<h2>\n\t\t\t\t\t\t\t\t\t\t\t\t\t\t\t\t<span class=\"uael-before-heading\"><span class=\"elementor-inline-editing uael-dual-heading-text uael-first-text\" data-elementor-setting-key=\"before_heading_text\" data-elementor-inline-editing-toolbar=\"basic\">03. Embarque em uma viagem<\/span><\/span><span class=\"uael-adv-heading-stack\"><span class=\"elementor-inline-editing uael-dual-heading-text uael-highlight-text\" data-elementor-setting-key=\"second_heading_text\" data-elementor-inline-editing-toolbar=\"basic\">inten\u00e7\u00e3o<\/span><\/span>\t\t\t\t\t\t\t\t\t\t\t\t\t<\/h2>\n\t\t<\/div>\n\t\t\t\t\t\t<\/div>\n\t\t\t\t<\/div>\n\t\t\t\t<div class=\"elementor-element elementor-element-0cf2e97 elementor-widget elementor-widget-text-editor\" data-id=\"0cf2e97\" data-element_type=\"widget\" data-widget_type=\"text-editor.default\">\n\t\t\t\t<div class=\"elementor-widget-container\">\n\t\t\t\t\t\t\t\t\t<p>Continuando o que foi dito acima, na terra o livre arb\u00edtrio \u00e9 uma lei dada, ou seja, somente com o seu consentimento, outra energia ou consci\u00eancia de qualquer forma pode afet\u00e1-lo, incluindo o seu pr\u00f3prio consentimento subconsciente, ent\u00e3o quero ir para o Espa\u00e7o Mu Para quem deseja praticar a solid\u00e3o ou a cura, voc\u00ea precisa estar disposto a assumir todas as responsabilidades da sua vida e ter a inten\u00e7\u00e3o de explorar o seu interior. Com essa inten\u00e7\u00e3o, vir aqui pode realmente inspir\u00e1-lo.<span style=\"letter-spacing: 3.2px; text-align: justify;\">.<\/span><\/p>\t\t\t\t\t\t\t\t<\/div>\n\t\t\t\t<\/div>\n\t\t\t\t\t<\/div>\n\t\t<\/div>\n\t\t\t\t\t<\/div>\n\t\t<\/section>\n\t\t\t\t\t<\/div>\n\t\t<\/div>\n\t\t\t\t\t<\/div>\n\t\t<\/section>\n\t\t\t\t<section class=\"elementor-section elementor-top-section elementor-element elementor-element-44737d5 elementor-section-boxed elementor-section-height-default elementor-section-height-default\" data-id=\"44737d5\" data-element_type=\"section\" data-settings=\"{&quot;background_background&quot;:&quot;gradient&quot;,&quot;shape_divider_top&quot;:&quot;waves&quot;}\">\n\t\t\t\t\t\t\t<div class=\"elementor-background-overlay\"><\/div>\n\t\t\t\t\t\t<div class=\"elementor-shape elementor-shape-top\" aria-hidden=\"true\" data-negative=\"false\">\n\t\t\t<svg xmlns=\"http:\/\/www.w3.org\/2000\/svg\" viewbox=\"0 0 1000 100\" preserveaspectratio=\"none\">\n\t<path class=\"elementor-shape-fill\" d=\"M421.9,6.5c22.6-2.5,51.5,0.4,75.5,5.3c23.6,4.9,70.9,23.5,100.5,35.7c75.8,32.2,133.7,44.5,192.6,49.7\tc23.6,2.1,48.7,3.5,103.4-2.5c54.7-6,106.2-25.6,106.2-25.6V0H0v30.3c0,0,72,32.6,158.4,30.5c39.2-0.7,92.8-6.7,134-22.4\tc21.2-8.1,52.2-18.2,79.7-24.2C399.3,7.9,411.6,7.5,421.9,6.5z\"\/>\n<\/svg>\t\t<\/div>\n\t\t\t\t\t<div class=\"elementor-container elementor-column-gap-default\">\n\t\t\t\t\t<div class=\"elementor-column elementor-col-50 elementor-top-column elementor-element elementor-element-640f6a3\" data-id=\"640f6a3\" data-element_type=\"column\">\n\t\t\t<div class=\"elementor-widget-wrap elementor-element-populated\">\n\t\t\t\t\t\t<div class=\"elementor-element elementor-element-66c0428 elementor-widget elementor-widget-heading\" data-id=\"66c0428\" data-element_type=\"widget\" data-widget_type=\"heading.default\">\n\t\t\t\t<div class=\"elementor-widget-container\">\n\t\t\t\t\t<h4 class=\"elementor-heading-title elementor-size-default\">Quer vir bater um papo em nosso espa\u00e7o?<\/h4>\t\t\t\t<\/div>\n\t\t\t\t<\/div>\n\t\t\t\t<div class=\"elementor-element elementor-element-225f024 elementor-widget elementor-widget-heading\" data-id=\"225f024\" data-element_type=\"widget\" data-widget_type=\"heading.default\">\n\t\t\t\t<div class=\"elementor-widget-container\">\n\t\t\t\t\t<h2 class=\"elementor-heading-title elementor-size-default\">Confira o que a Cura Espacial tem a oferecer<\/h2>\t\t\t\t<\/div>\n\t\t\t\t<\/div>\n\t\t\t\t<div class=\"elementor-element elementor-element-6ad78e5 elementor-mobile-align-center elementor-widget elementor-widget-button\" data-id=\"6ad78e5\" data-element_type=\"widget\" data-widget_type=\"button.default\">\n\t\t\t\t<div class=\"elementor-widget-container\">\n\t\t\t\t\t\t\t\t\t<div class=\"elementor-button-wrapper\">\n\t\t\t\t\t<a class=\"elementor-button elementor-button-link elementor-size-md\" href=\"\/pt\/healing\/\" target=\"_blank\">\n\t\t\t\t\t\t<span class=\"elementor-button-content-wrapper\">\n\t\t\t\t\t\t<span class=\"elementor-button-icon\">\n\t\t\t\t<i aria-hidden=\"true\" class=\"fas fa-arrow-right\"><\/i>\t\t\t<\/span>\n\t\t\t\t\t\t\t\t\t<span class=\"elementor-button-text\">V\u00e1 para saber mais<\/span>\n\t\t\t\t\t<\/span>\n\t\t\t\t\t<\/a>\n\t\t\t\t<\/div>\n\t\t\t\t\t\t\t\t<\/div>\n\t\t\t\t<\/div>\n\t\t\t\t\t<\/div>\n\t\t<\/div>\n\t\t\t\t<div class=\"elementor-column elementor-col-50 elementor-top-column elementor-element elementor-element-4a79ce0\" data-id=\"4a79ce0\" data-element_type=\"column\">\n\t\t\t<div class=\"elementor-widget-wrap elementor-element-populated\">\n\t\t\t\t\t\t<div class=\"elementor-element elementor-element-1e91647 elementor-widget elementor-widget-image\" data-id=\"1e91647\" data-element_type=\"widget\" data-settings=\"{&quot;motion_fx_motion_fx_scrolling&quot;:&quot;yes&quot;,&quot;motion_fx_translateY_effect&quot;:&quot;yes&quot;,&quot;motion_fx_translateY_direction&quot;:&quot;negative&quot;,&quot;motion_fx_translateY_speed&quot;:{&quot;unit&quot;:&quot;px&quot;,&quot;size&quot;:&quot;1&quot;,&quot;sizes&quot;:[]},&quot;motion_fx_devices&quot;:[&quot;desktop&quot;,&quot;tablet&quot;],&quot;motion_fx_translateY_affectedRange&quot;:{&quot;unit&quot;:&quot;%&quot;,&quot;size&quot;:&quot;&quot;,&quot;sizes&quot;:{&quot;start&quot;:&quot;0&quot;,&quot;end&quot;:&quot;50&quot;}}}\" data-widget_type=\"image.default\">\n\t\t\t\t<div class=\"elementor-widget-container\">\n\t\t\t\t\t\t\t\t\t\t\t\t\t\t\t<img fetchpriority=\"high\" decoding=\"async\" width=\"1920\" height=\"1281\" src=\"https:\/\/moospace.tw\/wp-content\/uploads\/2021\/06\/heart-700141_1920.jpg\" class=\"attachment-full size-full wp-image-4148\" alt=\"\" srcset=\"https:\/\/moospace.tw\/wp-content\/uploads\/2021\/06\/heart-700141_1920.jpg 1920w, https:\/\/moospace.tw\/wp-content\/uploads\/2021\/06\/heart-700141_1920-300x200.jpg 300w, https:\/\/moospace.tw\/wp-content\/uploads\/2021\/06\/heart-700141_1920-1024x683.jpg 1024w, https:\/\/moospace.tw\/wp-content\/uploads\/2021\/06\/heart-700141_1920-768x512.jpg 768w, https:\/\/moospace.tw\/wp-content\/uploads\/2021\/06\/heart-700141_1920-1536x1025.jpg 1536w\" sizes=\"(max-width: 1920px) 100vw, 1920px\" \/>\t\t\t\t\t\t\t\t\t\t\t\t\t\t\t<\/div>\n\t\t\t\t<\/div>\n\t\t\t\t\t<\/div>\n\t\t<\/div>\n\t\t\t\t\t<\/div>\n\t\t<\/section>\n\t\t\t\t<\/div>","protected":false},"excerpt":{"rendered":"<p>Fa\u00e7a uma pausa e leia nosso pref\u00e1cio. Para tornar sua visita o mais \u00fatil poss\u00edvel, sinceramente [\u2026]<\/p>","protected":false},"author":1,"featured_media":0,"parent":0,"menu_order":0,"comment_status":"closed","ping_status":"closed","template":"elementor_header_footer","meta":{"_seopress_robots_primary_cat":"","_seopress_titles_title":"","_seopress_titles_desc":"","_seopress_robots_index":"","footnotes":""},"class_list":["post-861","page","type-page","status-publish","hentry"],"_links":{"self":[{"href":"https:\/\/moospace.tw\/pt\/wp-json\/wp\/v2\/pages\/861","targetHints":{"allow":["GET"]}}],"collection":[{"href":"https:\/\/moospace.tw\/pt\/wp-json\/wp\/v2\/pages"}],"about":[{"href":"https:\/\/moospace.tw\/pt\/wp-json\/wp\/v2\/types\/page"}],"author":[{"embeddable":true,"href":"https:\/\/moospace.tw\/pt\/wp-json\/wp\/v2\/users\/1"}],"replies":[{"embeddable":true,"href":"https:\/\/moospace.tw\/pt\/wp-json\/wp\/v2\/comments?post=861"}],"version-history":[{"count":0,"href":"https:\/\/moospace.tw\/pt\/wp-json\/wp\/v2\/pages\/861\/revisions"}],"wp:attachment":[{"href":"https:\/\/moospace.tw\/pt\/wp-json\/wp\/v2\/media?parent=861"}],"curies":[{"name":"wp","href":"https:\/\/api.w.org\/{rel}","templated":true}]}}